{"id":1746,"date":"2022-02-19T17:04:25","date_gmt":"2022-02-19T16:04:25","guid":{"rendered":"https:\/\/env-7824846.jcloud.ik-server.com\/?page_id=1746"},"modified":"2022-02-24T19:45:09","modified_gmt":"2022-02-24T18:45:09","slug":"publikationen","status":"publish","type":"page","link":"https:\/\/sgzp.ch\/it\/publikationen\/","title":{"rendered":"Pubblicazioni"},"content":{"rendered":"<div data-elementor-type=\"wp-page\" data-elementor-id=\"1746\" class=\"elementor elementor-1746\" data-elementor-post-type=\"page\">\n\t\t\t\t\t\t<section class=\"elementor-section elementor-top-section elementor-element elementor-element-166fae33 elementor-section-boxed elementor-section-height-default elementor-section-height-default\" data-id=\"166fae33\" data-element_type=\"section\" data-e-type=\"section\">\n\t\t\t\t\t\t<div class=\"elementor-container elementor-column-gap-default\">\n\t\t\t\t\t<div class=\"elementor-column elementor-col-100 elementor-top-column elementor-element elementor-element-124425f5\" data-id=\"124425f5\" data-element_type=\"column\" data-e-type=\"column\">\n\t\t\t<div class=\"elementor-widget-wrap elementor-element-populated\">\n\t\t\t\t\t\t<div class=\"elementor-element elementor-element-470cb4e6 elementor-widget elementor-widget-heading\" data-id=\"470cb4e6\" data-element_type=\"widget\" data-e-type=\"widget\" data-widget_type=\"heading.default\">\n\t\t\t\t<div class=\"elementor-widget-container\">\n\t\t\t\t\t<h1 class=\"elementor-heading-title elementor-size-default\">Pubblicazioni<\/h1>\t\t\t\t<\/div>\n\t\t\t\t<\/div>\n\t\t\t\t\t<\/div>\n\t\t<\/div>\n\t\t\t\t\t<\/div>\n\t\t<\/section>\n\t\t\t\t<section class=\"elementor-section elementor-top-section elementor-element elementor-element-3b8e2586 elementor-section-boxed elementor-section-height-default elementor-section-height-default\" data-id=\"3b8e2586\" data-element_type=\"section\" data-e-type=\"section\">\n\t\t\t\t\t\t<div class=\"elementor-container elementor-column-gap-default\">\n\t\t\t\t\t<div class=\"elementor-column elementor-col-100 elementor-top-column elementor-element elementor-element-566b4e55\" data-id=\"566b4e55\" data-element_type=\"column\" data-e-type=\"column\">\n\t\t\t<div class=\"elementor-widget-wrap elementor-element-populated\">\n\t\t\t\t\t\t<div class=\"elementor-element elementor-element-7b08ed4 elementor-widget elementor-widget-text-editor\" data-id=\"7b08ed4\" data-element_type=\"widget\" data-e-type=\"widget\" data-widget_type=\"text-editor.default\">\n\t\t\t\t<div class=\"elementor-widget-container\">\n\t\t\t\t\t\t\t\t\t<p>I moduli sono scaricabili come file Word editabili (dotx) e protetti da password. Tutti i moduli possono essere utilizzati solo all'interno del SGZP. Non \u00e8 consentito modificare la struttura dei moduli.<\/p>\t\t\t\t\t\t\t\t<\/div>\n\t\t\t\t<\/div>\n\t\t\t\t\t<\/div>\n\t\t<\/div>\n\t\t\t\t\t<\/div>\n\t\t<\/section>\n\t\t\t\t<section class=\"elementor-section elementor-top-section elementor-element elementor-element-45241945 elementor-section-boxed elementor-section-height-default elementor-section-height-default\" data-id=\"45241945\" data-element_type=\"section\" data-e-type=\"section\">\n\t\t\t\t\t\t<div class=\"elementor-container elementor-column-gap-default\">\n\t\t\t\t\t<div class=\"elementor-column elementor-col-100 elementor-top-column elementor-element elementor-element-1b332e3d\" data-id=\"1b332e3d\" data-element_type=\"column\" data-e-type=\"column\">\n\t\t\t<div class=\"elementor-widget-wrap elementor-element-populated\">\n\t\t\t\t\t\t<div class=\"elementor-element elementor-element-6c78414b elementor-widget elementor-widget-heading\" data-id=\"6c78414b\" data-element_type=\"widget\" data-e-type=\"widget\" data-widget_type=\"heading.default\">\n\t\t\t\t<div class=\"elementor-widget-container\">\n\t\t\t\t\t<h2 class=\"elementor-heading-title elementor-size-default\">Rivista PND<\/h2>\t\t\t\t<\/div>\n\t\t\t\t<\/div>\n\t\t\t\t<div class=\"elementor-element elementor-element-141e7ef elementor-widget elementor-widget-image\" data-id=\"141e7ef\" data-element_type=\"widget\" data-e-type=\"widget\" data-widget_type=\"image.default\">\n\t\t\t\t<div class=\"elementor-widget-container\">\n\t\t\t\t\t\t\t\t\t\t\t\t\t\t\t<img decoding=\"async\" width=\"300\" height=\"41\" src=\"https:\/\/sgzp.ch\/wp-content\/uploads\/2022\/02\/ZfP-Zeitung-300x41.png\" class=\"attachment-medium size-medium wp-image-1887\" alt=\"\" srcset=\"https:\/\/sgzp.ch\/wp-content\/uploads\/2022\/02\/ZfP-Zeitung-300x41.png 300w, https:\/\/sgzp.ch\/wp-content\/uploads\/2022\/02\/ZfP-Zeitung-18x2.png 18w, https:\/\/sgzp.ch\/wp-content\/uploads\/2022\/02\/ZfP-Zeitung.png 398w\" sizes=\"(max-width: 300px) 100vw, 300px\" \/>\t\t\t\t\t\t\t\t\t\t\t\t\t\t\t<\/div>\n\t\t\t\t<\/div>\n\t\t\t\t<div class=\"elementor-element elementor-element-1d4c76e elementor-widget elementor-widget-text-editor\" data-id=\"1d4c76e\" data-element_type=\"widget\" data-e-type=\"widget\" data-widget_type=\"text-editor.default\">\n\t\t\t\t<div class=\"elementor-widget-container\">\n\t\t\t\t\t\t\t\t\t<p>La Rivista PND (ZfP-Zeitung), pubblicata insieme alle societ\u00e0 tedesca (DGZfP) e austriaca (\u00d6GfZP), \u00e8 l'organo ufficiale dell'associazione. Viene pubblicato quattro o cinque volte all'anno con una tiratura di quasi 4.000 copie (ISSN 1616-069X). L'abbonamento \u00e8 incluso nella quota annuale.<\/p><p>Persona di contatto per\u00a0<b>contributi<\/b>\u00a0:<br \/>Dr. Eric Cataldi<br \/>Stabilimento Industriale FFS<br \/>Viale Officina 18, 6500 Bellinzona<br \/>079 479 06 09<br \/>eric.cataldi(at)sbb.ch<\/p><p>Le scadenze editoriali e le date di spedizione sono riportate nell'Impressum (3a di copertina) o sul sito web della DGZfP. Anche i termini e le condizioni per le inserzioni sono pubblicati (alla voce Media Data \/ Inserzioni).<\/p><p>L'ultimo numero pu\u00f2 essere scaricato anche in formato pdf.<\/p>\t\t\t\t\t\t\t\t<\/div>\n\t\t\t\t<\/div>\n\t\t\t\t\t<\/div>\n\t\t<\/div>\n\t\t\t\t\t<\/div>\n\t\t<\/section>\n\t\t\t\t<section class=\"elementor-section elementor-top-section elementor-element elementor-element-08b10ab elementor-section-boxed elementor-section-height-default elementor-section-height-default\" data-id=\"08b10ab\" data-element_type=\"section\" data-e-type=\"section\">\n\t\t\t\t\t\t<div class=\"elementor-container elementor-column-gap-default\">\n\t\t\t\t\t<div class=\"elementor-column elementor-col-100 elementor-top-column elementor-element elementor-element-776e5f3\" data-id=\"776e5f3\" data-element_type=\"column\" data-e-type=\"column\">\n\t\t\t<div class=\"elementor-widget-wrap elementor-element-populated\">\n\t\t\t\t\t\t<div class=\"elementor-element elementor-element-e435c53 elementor-widget elementor-widget-heading\" data-id=\"e435c53\" data-element_type=\"widget\" data-e-type=\"widget\" data-widget_type=\"heading.default\">\n\t\t\t\t<div class=\"elementor-widget-container\">\n\t\t\t\t\t<h2 class=\"elementor-heading-title elementor-size-default\">Novit\u00e0 dell'EFNDT (Federazione Europea per le prove non distruttive)<\/h2>\t\t\t\t<\/div>\n\t\t\t\t<\/div>\n\t\t\t\t<div class=\"elementor-element elementor-element-4c5d07e elementor-widget elementor-widget-image\" data-id=\"4c5d07e\" data-element_type=\"widget\" data-e-type=\"widget\" data-widget_type=\"image.default\">\n\t\t\t\t<div class=\"elementor-widget-container\">\n\t\t\t\t\t\t\t\t\t\t\t\t\t\t\t<img decoding=\"async\" width=\"111\" height=\"60\" src=\"https:\/\/sgzp.ch\/wp-content\/uploads\/2022\/02\/EFNDT-News.png\" class=\"attachment-medium size-medium wp-image-1888\" alt=\"\" srcset=\"https:\/\/sgzp.ch\/wp-content\/uploads\/2022\/02\/EFNDT-News.png 111w, https:\/\/sgzp.ch\/wp-content\/uploads\/2022\/02\/EFNDT-News-18x10.png 18w\" sizes=\"(max-width: 111px) 100vw, 111px\" \/>\t\t\t\t\t\t\t\t\t\t\t\t\t\t\t<\/div>\n\t\t\t\t<\/div>\n\t\t\t\t<div class=\"elementor-element elementor-element-9940c41 elementor-widget elementor-widget-text-editor\" data-id=\"9940c41\" data-element_type=\"widget\" data-e-type=\"widget\" data-widget_type=\"text-editor.default\">\n\t\t\t\t<div class=\"elementor-widget-container\">\n\t\t\t\t\t\t\t\t\t<p>Le EFNDT News sono pubblicate a intervalli irregolari sul sito web dell'EFNDT.<br \/>Il numero pu\u00f2 essere aperto o scaricato come file pdf.<br \/>I numeri pi\u00f9 vecchi si trovano alla voce Documenti \/ Archivio documenti.<\/p>\t\t\t\t\t\t\t\t<\/div>\n\t\t\t\t<\/div>\n\t\t\t\t\t<\/div>\n\t\t<\/div>\n\t\t\t\t\t<\/div>\n\t\t<\/section>\n\t\t\t\t<section class=\"elementor-section elementor-top-section elementor-element elementor-element-f713772 elementor-section-boxed elementor-section-height-default elementor-section-height-default\" data-id=\"f713772\" data-element_type=\"section\" data-e-type=\"section\">\n\t\t\t\t\t\t<div class=\"elementor-container elementor-column-gap-default\">\n\t\t\t\t\t<div class=\"elementor-column elementor-col-100 elementor-top-column elementor-element elementor-element-2d95a7b\" data-id=\"2d95a7b\" data-element_type=\"column\" data-e-type=\"column\">\n\t\t\t<div class=\"elementor-widget-wrap elementor-element-populated\">\n\t\t\t\t\t\t<div class=\"elementor-element elementor-element-34c761d elementor-widget elementor-widget-heading\" data-id=\"34c761d\" data-element_type=\"widget\" data-e-type=\"widget\" data-widget_type=\"heading.default\">\n\t\t\t\t<div class=\"elementor-widget-container\">\n\t\t\t\t\t<h2 class=\"elementor-heading-title elementor-size-default\">Rivista ICNDT<\/h2>\t\t\t\t<\/div>\n\t\t\t\t<\/div>\n\t\t\t\t<div class=\"elementor-element elementor-element-49a8c40 elementor-widget elementor-widget-image\" data-id=\"49a8c40\" data-element_type=\"widget\" data-e-type=\"widget\" data-widget_type=\"image.default\">\n\t\t\t\t<div class=\"elementor-widget-container\">\n\t\t\t\t\t\t\t\t\t\t\t\t\t\t\t<img decoding=\"async\" width=\"99\" height=\"60\" src=\"https:\/\/sgzp.ch\/wp-content\/uploads\/2022\/02\/ICNDT-Journal.png\" class=\"attachment-medium size-medium wp-image-1889\" alt=\"\" srcset=\"https:\/\/sgzp.ch\/wp-content\/uploads\/2022\/02\/ICNDT-Journal.png 99w, https:\/\/sgzp.ch\/wp-content\/uploads\/2022\/02\/ICNDT-Journal-18x12.png 18w\" sizes=\"(max-width: 99px) 100vw, 99px\" \/>\t\t\t\t\t\t\t\t\t\t\t\t\t\t\t<\/div>\n\t\t\t\t<\/div>\n\t\t\t\t<div class=\"elementor-element elementor-element-b514ab5 elementor-widget elementor-widget-text-editor\" data-id=\"b514ab5\" data-element_type=\"widget\" data-e-type=\"widget\" data-widget_type=\"text-editor.default\">\n\t\t\t\t<div class=\"elementor-widget-container\">\n\t\t\t\t\t\t\t\t\t<p>La rivista ICNDT viene pubblicata a intervalli irregolari sul sito web dell'ICNDT.<br \/>Il numero pu\u00f2 essere aperto o scaricato come file pdf.<br \/>I numeri pi\u00f9 vecchi si trovano alla voce Documenti \/ Archivio documenti.<\/p>\t\t\t\t\t\t\t\t<\/div>\n\t\t\t\t<\/div>\n\t\t\t\t\t<\/div>\n\t\t<\/div>\n\t\t\t\t\t<\/div>\n\t\t<\/section>\n\t\t\t\t<section class=\"elementor-section elementor-top-section elementor-element elementor-element-9e59a5c elementor-section-boxed elementor-section-height-default elementor-section-height-default\" data-id=\"9e59a5c\" data-element_type=\"section\" data-e-type=\"section\">\n\t\t\t\t\t\t<div class=\"elementor-container elementor-column-gap-default\">\n\t\t\t\t\t<div class=\"elementor-column elementor-col-100 elementor-top-column elementor-element elementor-element-54ff7c0\" data-id=\"54ff7c0\" data-element_type=\"column\" data-e-type=\"column\">\n\t\t\t<div class=\"elementor-widget-wrap elementor-element-populated\">\n\t\t\t\t\t\t<div class=\"elementor-element elementor-element-8f4ff08 elementor-widget elementor-widget-heading\" data-id=\"8f4ff08\" data-element_type=\"widget\" data-e-type=\"widget\" data-widget_type=\"heading.default\">\n\t\t\t\t<div class=\"elementor-widget-container\">\n\t\t\t\t\t<h2 class=\"elementor-heading-title elementor-size-default\">NDT.net<\/h2>\t\t\t\t<\/div>\n\t\t\t\t<\/div>\n\t\t\t\t<div class=\"elementor-element elementor-element-a772f1e elementor-widget elementor-widget-image\" data-id=\"a772f1e\" data-element_type=\"widget\" data-e-type=\"widget\" data-widget_type=\"image.default\">\n\t\t\t\t<div class=\"elementor-widget-container\">\n\t\t\t\t\t\t\t\t\t\t\t\t\t\t\t<img loading=\"lazy\" decoding=\"async\" width=\"165\" height=\"60\" src=\"https:\/\/sgzp.ch\/wp-content\/uploads\/2022\/02\/ndtnet.png\" class=\"attachment-medium size-medium wp-image-1890\" alt=\"\" srcset=\"https:\/\/sgzp.ch\/wp-content\/uploads\/2022\/02\/ndtnet.png 165w, https:\/\/sgzp.ch\/wp-content\/uploads\/2022\/02\/ndtnet-18x7.png 18w\" sizes=\"(max-width: 165px) 100vw, 165px\" \/>\t\t\t\t\t\t\t\t\t\t\t\t\t\t\t<\/div>\n\t\t\t\t<\/div>\n\t\t\t\t<div class=\"elementor-element elementor-element-e4b6ce7 elementor-widget elementor-widget-text-editor\" data-id=\"e4b6ce7\" data-element_type=\"widget\" data-e-type=\"widget\" data-widget_type=\"text-editor.default\">\n\t\t\t\t<div class=\"elementor-widget-container\">\n\t\t\t\t\t\t\t\t\t<p>NDT.net combina due cose:<br \/>\u00c8 una banca dati ad accesso libero per documenti di conferenze e riviste.<br \/>\u00c8 anche il luogo in cui viene pubblicato l'e-Journal of Non-destructive Testing, una rivista ad accesso libero.<br \/>(ISSN 1435-4934).<br \/>Il sito \u00e8 indipendente e quindi vive anche di pubblicit\u00e0.<\/p>\t\t\t\t\t\t\t\t<\/div>\n\t\t\t\t<\/div>\n\t\t\t\t\t<\/div>\n\t\t<\/div>\n\t\t\t\t\t<\/div>\n\t\t<\/section>\n\t\t\t\t<\/div>","protected":false},"excerpt":{"rendered":"<p>Publikationen Formulare sind als editierbare Word-Dateien (dotx) herunterladbar und Passwort gesch\u00fctzt. Alle Formulare d\u00fcrfen nur innerhalb der SGZP benutzt werden. Es ist nicht gestattet, die Grundstruktur der Formulare abzu\u00e4ndern. Zfp Zeitung Die ZfP-Zeitung , die gemeinsam mit der deutschen (DGZfP) und der \u00f6sterreichischen (\u00d6GfZP) Gesellschaft herausgegeben wird, ist das offizielle Vereinsorgan. Sie erscheint mit einer [&hellip;]<\/p>\n","protected":false},"author":2,"featured_media":0,"parent":0,"menu_order":0,"comment_status":"closed","ping_status":"closed","template":"","meta":{"site-sidebar-layout":"no-sidebar","site-content-layout":"page-builder","ast-site-content-layout":"default","site-content-style":"default","site-sidebar-style":"default","ast-global-header-display":"","ast-banner-title-visibility":"","ast-main-header-display":"","ast-hfb-above-header-display":"","ast-hfb-below-header-display":"","ast-hfb-mobile-header-display":"","site-post-title":"disabled","ast-breadcrumbs-content":"","ast-featured-img":"disabled","footer-sml-layout":"","ast-disable-related-posts":"","theme-transparent-header-meta":"","adv-header-id-meta":"","stick-header-meta":"","header-above-stick-meta":"","header-main-stick-meta":"","header-below-stick-meta":"","astra-migrate-meta-layouts":"default","ast-page-background-enabled":"default","ast-page-background-meta":{"desktop":{"background-color":"","background-image":"","background-repeat":"repeat","background-position":"center center","background-size":"auto","background-attachment":"scroll","background-type":"","background-media":"","overlay-type":"","overlay-color":"","overlay-opacity":"","overlay-gradient":""},"tablet":{"background-color":"","background-image":"","background-repeat":"repeat","background-position":"center center","background-size":"auto","background-attachment":"scroll","background-type":"","background-media":"","overlay-type":"","overlay-color":"","overlay-opacity":"","overlay-gradient":""},"mobile":{"background-color":"","background-image":"","background-repeat":"repeat","background-position":"center center","background-size":"auto","background-attachment":"scroll","background-type":"","background-media":"","overlay-type":"","overlay-color":"","overlay-opacity":"","overlay-gradient":""}},"ast-content-background-meta":{"desktop":{"background-color":"var(--ast-global-color-5)","background-image":"","background-repeat":"repeat","background-position":"center center","background-size":"auto","background-attachment":"scroll","background-type":"","background-media":"","overlay-type":"","overlay-color":"","overlay-opacity":"","overlay-gradient":""},"tablet":{"background-color":"var(--ast-global-color-5)","background-image":"","background-repeat":"repeat","background-position":"center center","background-size":"auto","background-attachment":"scroll","background-type":"","background-media":"","overlay-type":"","overlay-color":"","overlay-opacity":"","overlay-gradient":""},"mobile":{"background-color":"var(--ast-global-color-5)","background-image":"","background-repeat":"repeat","background-position":"center center","background-size":"auto","background-attachment":"scroll","background-type":"","background-media":"","overlay-type":"","overlay-color":"","overlay-opacity":"","overlay-gradient":""}},"footnotes":""},"class_list":["post-1746","page","type-page","status-publish","hentry"],"_links":{"self":[{"href":"https:\/\/sgzp.ch\/it\/wp-json\/wp\/v2\/pages\/1746","targetHints":{"allow":["GET"]}}],"collection":[{"href":"https:\/\/sgzp.ch\/it\/wp-json\/wp\/v2\/pages"}],"about":[{"href":"https:\/\/sgzp.ch\/it\/wp-json\/wp\/v2\/types\/page"}],"author":[{"embeddable":true,"href":"https:\/\/sgzp.ch\/it\/wp-json\/wp\/v2\/users\/2"}],"replies":[{"embeddable":true,"href":"https:\/\/sgzp.ch\/it\/wp-json\/wp\/v2\/comments?post=1746"}],"version-history":[{"count":13,"href":"https:\/\/sgzp.ch\/it\/wp-json\/wp\/v2\/pages\/1746\/revisions"}],"predecessor-version":[{"id":1893,"href":"https:\/\/sgzp.ch\/it\/wp-json\/wp\/v2\/pages\/1746\/revisions\/1893"}],"wp:attachment":[{"href":"https:\/\/sgzp.ch\/it\/wp-json\/wp\/v2\/media?parent=1746"}],"curies":[{"name":"wp","href":"https:\/\/api.w.org\/{rel}","templated":true}]}}