{"id":7,"date":"2017-08-23T12:27:38","date_gmt":"2017-08-23T10:27:38","guid":{"rendered":"https:\/\/env-7824846.jcloud.ik-server.com\/?page_id=7"},"modified":"2025-05-19T14:03:04","modified_gmt":"2025-05-19T12:03:04","slug":"vereinsunterlagen","status":"publish","type":"page","link":"https:\/\/sgzp.ch\/fr\/","title":{"rendered":"Vereinsunterlagen"},"content":{"rendered":"<div data-elementor-type=\"wp-page\" data-elementor-id=\"7\" class=\"elementor elementor-7\" data-elementor-post-type=\"page\">\n\t\t\t\t\t\t<section class=\"elementor-section elementor-top-section elementor-element elementor-element-5eaa8e7 elementor-section-boxed elementor-section-height-default elementor-section-height-default\" data-id=\"5eaa8e7\" data-element_type=\"section\" data-e-type=\"section\">\n\t\t\t\t\t\t<div class=\"elementor-container elementor-column-gap-default\">\n\t\t\t\t\t<div class=\"elementor-column elementor-col-100 elementor-top-column elementor-element elementor-element-3dc9c19\" data-id=\"3dc9c19\" data-element_type=\"column\" data-e-type=\"column\">\n\t\t\t<div class=\"elementor-widget-wrap elementor-element-populated\">\n\t\t\t\t\t\t<div class=\"elementor-element elementor-element-bfd25ef elementor-widget elementor-widget-heading\" data-id=\"bfd25ef\" data-element_type=\"widget\" data-e-type=\"widget\" data-widget_type=\"heading.default\">\n\t\t\t\t<div class=\"elementor-widget-container\">\n\t\t\t\t\t<h1 class=\"elementor-heading-title elementor-size-default\">ASEND <\/br>Association suisse des essais non destructifs<\/h1>\t\t\t\t<\/div>\n\t\t\t\t<\/div>\n\t\t\t\t<div class=\"elementor-element elementor-element-9155983 elementor-widget elementor-widget-spacer\" data-id=\"9155983\" data-element_type=\"widget\" data-e-type=\"widget\" data-widget_type=\"spacer.default\">\n\t\t\t\t<div class=\"elementor-widget-container\">\n\t\t\t\t\t\t\t<div class=\"elementor-spacer\">\n\t\t\t<div class=\"elementor-spacer-inner\"><\/div>\n\t\t<\/div>\n\t\t\t\t\t\t<\/div>\n\t\t\t\t<\/div>\n\t\t\t\t<div class=\"elementor-element elementor-element-c4aaa82 elementor-widget elementor-widget-text-editor\" data-id=\"c4aaa82\" data-element_type=\"widget\" data-e-type=\"widget\" data-widget_type=\"text-editor.default\">\n\t\t\t\t<div class=\"elementor-widget-container\">\n\t\t\t\t\t\t\t\t\t<p>L\u2019Association Suisse des essais non destructifs est une association selon le code civil Suisse Art. 60 ff inscrite \u00e9galement sous ce nom dans le registre du commerce du canton de Z\u00fcrich. Le nom (dans les trois langues officielles et en anglais) ainsi que le logo sont prot\u00e9g\u00e9s par les droits d\u2019auteur.<\/p>\n<p>Sog. Domizilgeberin und damit Sitz ist in Wallisellen.<\/p>\t\t\t\t\t\t\t\t<\/div>\n\t\t\t\t<\/div>\n\t\t\t\t\t<\/div>\n\t\t<\/div>\n\t\t\t\t\t<\/div>\n\t\t<\/section>\n\t\t\t\t<section class=\"elementor-section elementor-top-section elementor-element elementor-element-da77727 elementor-section-boxed elementor-section-height-default elementor-section-height-default\" data-id=\"da77727\" data-element_type=\"section\" data-e-type=\"section\" data-settings=\"{&quot;background_background&quot;:&quot;classic&quot;}\">\n\t\t\t\t\t\t<div class=\"elementor-container elementor-column-gap-default\">\n\t\t\t\t\t<div class=\"elementor-column elementor-col-100 elementor-top-column elementor-element elementor-element-166a2c2\" data-id=\"166a2c2\" data-element_type=\"column\" data-e-type=\"column\">\n\t\t\t<div class=\"elementor-widget-wrap elementor-element-populated\">\n\t\t\t\t\t\t<div class=\"elementor-element elementor-element-2448c7d elementor-widget elementor-widget-heading\" data-id=\"2448c7d\" data-element_type=\"widget\" data-e-type=\"widget\" data-widget_type=\"heading.default\">\n\t\t\t\t<div class=\"elementor-widget-container\">\n\t\t\t\t\t<h2 class=\"elementor-heading-title elementor-size-default\">Ausschreibung Ren\u00e9 Hornung Preis<\/h2>\t\t\t\t<\/div>\n\t\t\t\t<\/div>\n\t\t\t\t<div class=\"elementor-element elementor-element-3302bca elementor-widget elementor-widget-shortcode\" data-id=\"3302bca\" data-element_type=\"widget\" data-e-type=\"widget\" data-widget_type=\"shortcode.default\">\n\t\t\t\t<div class=\"elementor-widget-container\">\n\t\t\t\t\t\t\t<div class=\"elementor-shortcode\"><div class=\"bsk-pdfm-output-container shortcode-category layout-ul\"><div class=\"bsk-pdfm-category-output cat-24 category-hierarchical-depth-1 pdfs-in-ul\" data-cat-id=\"24\"><ul class=\"bsk-pdfm-pdfs-ul-list bsk-pdfm-without-featured-image bsk-pdfm-without-description bsk-pdfm-with-title\">\n<li class=\"bsk-pdfm-list-item list-item-odd\" data-date=\"2024-11-16-sam\" data-id=\"125\">\n<a href=\"https:\/\/sgzp.ch\/wp-content\/uploads\/bsk-pdf-manager\/2026\/04\/Rene_Hornung_Award_2026.pdf\"  title=\"Ausschreibung Ren\u00e9 Hornung Preis\" class=\"bsk-pdfm-pdf-link-for-title pdf-id-125\"><span class=\"bsk-pdfm-pdf-title-string\">Ausschreibung Ren\u00e9 Hornung Preis<\/span><\/a><\/li>\n<\/ul><!--\/\/bsk-pdfm-category-output cat-24--><\/div><div class=\"bsk-pdfm-category-shortcode-attr\"><input type=\"hidden\" class=\"bsk-pdfm-shortcode-attr\" data-attr_name=\"ul_or_ol\" value=\"ul\" \/><input type=\"hidden\" class=\"bsk-pdfm-shortcode-attr\" data-attr_name=\"id\" value=\"24\" \/><input type=\"hidden\" class=\"bsk-pdfm-shortcode-attr\" data-attr_name=\"cat_order_by\" value=\" C.`title`\" \/><input type=\"hidden\" class=\"bsk-pdfm-shortcode-attr\" data-attr_name=\"cat_order\" value=\" ASC\" \/><input type=\"hidden\" class=\"bsk-pdfm-shortcode-attr\" data-attr_name=\"show_cat_title\" value=\"\" \/><input type=\"hidden\" class=\"bsk-pdfm-shortcode-attr\" data-attr_name=\"order_by\" value=\"date\" \/><input type=\"hidden\" class=\"bsk-pdfm-shortcode-attr\" data-attr_name=\"order\" value=\"ASC\" \/><input type=\"hidden\" class=\"bsk-pdfm-shortcode-attr\" data-attr_name=\"target\" value=\"\" \/><input type=\"hidden\" class=\"bsk-pdfm-shortcode-attr\" data-attr_name=\"most_top\" value=\"0\" \/><input type=\"hidden\" class=\"bsk-pdfm-shortcode-attr\" data-attr_name=\"nofollow_tag\" value=\"no\" \/><input type=\"hidden\" class=\"bsk-pdfm-shortcode-attr\" data-attr_name=\"noopener_tag\" value=\"no\" \/><input type=\"hidden\" class=\"bsk-pdfm-shortcode-attr\" data-attr_name=\"noreferrer_tag\" value=\"no\" \/><input type=\"hidden\" class=\"bsk-pdfm-shortcode-attr\" data-attr_name=\"show_date\" value=\"no\" \/><input type=\"hidden\" class=\"bsk-pdfm-shortcode-attr\" data-attr_name=\"date_before_title\" value=\"no\" \/><input type=\"hidden\" class=\"bsk-pdfm-shortcode-attr\" data-attr_name=\"date_format\" value=\" d\/m\/Y\" \/><input type=\"hidden\" class=\"bsk-pdfm-shortcode-attr\" data-attr_name=\"show_count_desc\" value=\"no\" \/><input type=\"hidden\" class=\"bsk-pdfm-shortcode-attr\" data-attr_name=\"extension_filter\" value=\"no\" \/><input type=\"hidden\" class=\"bsk-pdfm-shortcode-attr\" data-attr_name=\"tags\" value=\"no\" \/><input type=\"hidden\" class=\"bsk-pdfm-shortcode-attr\" data-attr_name=\"tags_specific\" value=\"\" \/><input type=\"hidden\" class=\"bsk-pdfm-shortcode-attr\" data-attr_name=\"tags_default\" value=\"\" \/><input type=\"hidden\" class=\"bsk-pdfm-shortcode-attr\" data-attr_name=\"tags_exclude\" value=\"\" \/><input type=\"hidden\" class=\"bsk-pdfm-shortcode-attr\" data-attr_name=\"tags_align_right\" value=\"no\" \/><input type=\"hidden\" class=\"bsk-pdfm-shortcode-attr\" data-attr_name=\"output_container_class\" value=\"\" \/><input type=\"hidden\" class=\"bsk-pdfm-shortcode-attr\" data-attr_name=\"cat_id\" value=\"24\" \/><input type=\"hidden\" class=\"bsk-pdfm-shortcode-attr\" data-attr_name=\"valid_cat_ids\" value=\"24\" \/><input type=\"hidden\" class=\"bsk-pdfm-category-ajax-nonce\" value=\"e73b53b97d\"><\/div><\/div><!-- \/\/bsk-pdfm-output-container --><\/div>\n\t\t\t\t\t\t<\/div>\n\t\t\t\t<\/div>\n\t\t\t\t\t<\/div>\n\t\t<\/div>\n\t\t\t\t\t<\/div>\n\t\t<\/section>\n\t\t\t\t<section class=\"elementor-section elementor-top-section elementor-element elementor-element-9668dc2 elementor-section-boxed elementor-section-height-default elementor-section-height-default\" data-id=\"9668dc2\" data-element_type=\"section\" data-e-type=\"section\" data-settings=\"{&quot;background_background&quot;:&quot;classic&quot;}\">\n\t\t\t\t\t\t<div class=\"elementor-container elementor-column-gap-default\">\n\t\t\t\t\t<div class=\"elementor-column elementor-col-100 elementor-top-column elementor-element elementor-element-e806178\" data-id=\"e806178\" data-element_type=\"column\" data-e-type=\"column\">\n\t\t\t<div class=\"elementor-widget-wrap elementor-element-populated\">\n\t\t\t\t\t\t<div class=\"elementor-element elementor-element-4aaa6e6 elementor-widget elementor-widget-heading\" data-id=\"4aaa6e6\" data-element_type=\"widget\" data-e-type=\"widget\" data-widget_type=\"heading.default\">\n\t\t\t\t<div class=\"elementor-widget-container\">\n\t\t\t\t\t<h2 class=\"elementor-heading-title elementor-size-default\">Le conseil d\u2019administration<\/h2>\t\t\t\t<\/div>\n\t\t\t\t<\/div>\n\t\t\t\t<div class=\"elementor-element elementor-element-16021d6 elementor-widget elementor-widget-text-editor\" data-id=\"16021d6\" data-element_type=\"widget\" data-e-type=\"widget\" data-widget_type=\"text-editor.default\">\n\t\t\t\t<div class=\"elementor-widget-container\">\n\t\t\t\t\t\t\t\t\t<p>Le conseil d\u2019administration dirige l\u2019association selon les crit\u00e8res d\u00e9finis dans le code civil Art. 60 ff et ses statuts<\/p><p>Le conseil est \u00e9lu par l\u2019assembl\u00e9e des membres de l\u2019association \u00e0 chaque fois pour une dur\u00e9e de deux ans. Il se constitue lui-m\u00eame, \u00e0 l\u2019exception du pr\u00e9sident, et d\u00e9finit parmi les membres du conseil le responsable charg\u00e9 de la certification, qui est en m\u00eame temps le responsable du secr\u00e9tariat, le responsable du comit\u00e9 des commissions techniques et sectorielles, un repr\u00e9sentant dans la commission de formation et d\u2019autres fonctions selon les besoins. Il r\u00e8gle les d\u00e9l\u00e9gations de signature pour l\u2019association.<\/p><p>Le conseil porte l\u2019enti\u00e8re responsabilit\u00e9 pour toutes les activit\u00e9s li\u00e9es \u00e0 la certification.<\/p>\t\t\t\t\t\t\t\t<\/div>\n\t\t\t\t<\/div>\n\t\t\t\t<div class=\"elementor-element elementor-element-8ef025a elementor-align-left elementor-widget elementor-widget-button\" data-id=\"8ef025a\" data-element_type=\"widget\" data-e-type=\"widget\" data-widget_type=\"button.default\">\n\t\t\t\t<div class=\"elementor-widget-container\">\n\t\t\t\t\t\t\t\t\t<div class=\"elementor-button-wrapper\">\n\t\t\t\t\t<a class=\"elementor-button elementor-button-link elementor-size-sm\" href=\"https:\/\/sgzp.ch\/fr\/vorstand\/\">\n\t\t\t\t\t\t<span class=\"elementor-button-content-wrapper\">\n\t\t\t\t\t\t\t\t\t<span class=\"elementor-button-text\">Lien vers le conseil<\/span>\n\t\t\t\t\t<\/span>\n\t\t\t\t\t<\/a>\n\t\t\t\t<\/div>\n\t\t\t\t\t\t\t\t<\/div>\n\t\t\t\t<\/div>\n\t\t\t\t<div class=\"elementor-element elementor-element-ffd518c elementor-widget elementor-widget-spacer\" data-id=\"ffd518c\" data-element_type=\"widget\" data-e-type=\"widget\" data-widget_type=\"spacer.default\">\n\t\t\t\t<div class=\"elementor-widget-container\">\n\t\t\t\t\t\t\t<div class=\"elementor-spacer\">\n\t\t\t<div class=\"elementor-spacer-inner\"><\/div>\n\t\t<\/div>\n\t\t\t\t\t\t<\/div>\n\t\t\t\t<\/div>\n\t\t\t\t\t<\/div>\n\t\t<\/div>\n\t\t\t\t\t<\/div>\n\t\t<\/section>\n\t\t\t\t<section class=\"elementor-section elementor-top-section elementor-element elementor-element-944db5f elementor-section-boxed elementor-section-height-default elementor-section-height-default\" data-id=\"944db5f\" data-element_type=\"section\" data-e-type=\"section\" data-settings=\"{&quot;background_background&quot;:&quot;classic&quot;}\">\n\t\t\t\t\t\t<div class=\"elementor-container elementor-column-gap-default\">\n\t\t\t\t\t<div class=\"elementor-column elementor-col-100 elementor-top-column elementor-element elementor-element-5b2fd25\" data-id=\"5b2fd25\" data-element_type=\"column\" data-e-type=\"column\">\n\t\t\t<div class=\"elementor-widget-wrap elementor-element-populated\">\n\t\t\t\t\t\t<div class=\"elementor-element elementor-element-9e333ea elementor-widget elementor-widget-heading\" data-id=\"9e333ea\" data-element_type=\"widget\" data-e-type=\"widget\" data-widget_type=\"heading.default\">\n\t\t\t\t<div class=\"elementor-widget-container\">\n\t\t\t\t\t<h2 class=\"elementor-heading-title elementor-size-default\">\t\nSecr\u00e9tariat \/ Bureau:<\/h2>\t\t\t\t<\/div>\n\t\t\t\t<\/div>\n\t\t\t\t<section class=\"elementor-section elementor-inner-section elementor-element elementor-element-3552177 elementor-section-boxed elementor-section-height-default elementor-section-height-default\" data-id=\"3552177\" data-element_type=\"section\" data-e-type=\"section\">\n\t\t\t\t\t\t<div class=\"elementor-container elementor-column-gap-default\">\n\t\t\t\t\t<div class=\"elementor-column elementor-col-100 elementor-inner-column elementor-element elementor-element-8535efb\" data-id=\"8535efb\" data-element_type=\"column\" data-e-type=\"column\">\n\t\t\t<div class=\"elementor-widget-wrap elementor-element-populated\">\n\t\t\t\t\t\t<div class=\"elementor-element elementor-element-339f75e elementor-widget elementor-widget-text-editor\" data-id=\"339f75e\" data-element_type=\"widget\" data-e-type=\"widget\" data-widget_type=\"text-editor.default\">\n\t\t\t\t<div class=\"elementor-widget-container\">\n\t\t\t\t\t\t\t\t\t<p>ASEND<br \/>Association suisse des essais non destructifs<br \/>Richtistrasse 15<br \/>CH-8304 Wallisellen<br \/>Mob 079 818 14 99\u00a0<br \/><a href=\"mailto:office@sgzp.ch\">office@sgzp.ch<\/a><\/p>\t\t\t\t\t\t\t\t<\/div>\n\t\t\t\t<\/div>\n\t\t\t\t\t<\/div>\n\t\t<\/div>\n\t\t\t\t\t<\/div>\n\t\t<\/section>\n\t\t\t\t<div class=\"elementor-element elementor-element-0a568e4 elementor-widget elementor-widget-spacer\" data-id=\"0a568e4\" data-element_type=\"widget\" data-e-type=\"widget\" data-widget_type=\"spacer.default\">\n\t\t\t\t<div class=\"elementor-widget-container\">\n\t\t\t\t\t\t\t<div class=\"elementor-spacer\">\n\t\t\t<div class=\"elementor-spacer-inner\"><\/div>\n\t\t<\/div>\n\t\t\t\t\t\t<\/div>\n\t\t\t\t<\/div>\n\t\t\t\t\t<\/div>\n\t\t<\/div>\n\t\t\t\t\t<\/div>\n\t\t<\/section>\n\t\t\t\t<section class=\"elementor-section elementor-top-section elementor-element elementor-element-665974c elementor-section-boxed elementor-section-height-default elementor-section-height-default\" data-id=\"665974c\" data-element_type=\"section\" data-e-type=\"section\" data-settings=\"{&quot;background_background&quot;:&quot;classic&quot;}\">\n\t\t\t\t\t\t<div class=\"elementor-container elementor-column-gap-default\">\n\t\t\t\t\t<div class=\"elementor-column elementor-col-100 elementor-top-column elementor-element elementor-element-de7e93a\" data-id=\"de7e93a\" data-element_type=\"column\" data-e-type=\"column\">\n\t\t\t<div class=\"elementor-widget-wrap elementor-element-populated\">\n\t\t\t\t\t\t<div class=\"elementor-element elementor-element-421b45f elementor-widget elementor-widget-heading\" data-id=\"421b45f\" data-element_type=\"widget\" data-e-type=\"widget\" data-widget_type=\"heading.default\">\n\t\t\t\t<div class=\"elementor-widget-container\">\n\t\t\t\t\t<h2 class=\"elementor-heading-title elementor-size-default\">Documents g\u00e9n\u00e9raux de l\u2018association<\/h2>\t\t\t\t<\/div>\n\t\t\t\t<\/div>\n\t\t\t\t<div class=\"elementor-element elementor-element-9dda281 elementor-widget elementor-widget-shortcode\" data-id=\"9dda281\" data-element_type=\"widget\" data-e-type=\"widget\" data-widget_type=\"shortcode.default\">\n\t\t\t\t<div class=\"elementor-widget-container\">\n\t\t\t\t\t\t\t<div class=\"elementor-shortcode\"><div class=\"bsk-pdfm-output-container shortcode-category layout-ul\"><div class=\"bsk-pdfm-category-output cat-1 category-hierarchical-depth-1 pdfs-in-ul\" data-cat-id=\"1\"><ul class=\"bsk-pdfm-pdfs-ul-list bsk-pdfm-without-featured-image bsk-pdfm-without-description bsk-pdfm-with-title\">\n<li class=\"bsk-pdfm-list-item list-item-odd\" data-date=\"2022-03-09-mer\" data-id=\"63\">\n<a href=\"https:\/\/sgzp.ch\/wp-content\/uploads\/bsk-pdf-manager\/2022\/03\/Rene-Hornung-Medaile-1999-.pdf\"  title=\"Reglement Ren\u00e9-Hornung Preis, Ausgabe 1999\" class=\"bsk-pdfm-pdf-link-for-title pdf-id-63\"><span class=\"bsk-pdfm-pdf-title-string\">Reglement Ren\u00e9-Hornung Preis, Ausgabe 1999<\/span><\/a><\/li>\n<li class=\"bsk-pdfm-list-item list-item-even\" data-date=\"2022-06-15-mer\" data-id=\"73\">\n<a href=\"https:\/\/sgzp.ch\/wp-content\/uploads\/bsk-pdf-manager\/2022\/06\/Beitrittserklaerung-2022-1.pdf\"  title=\"Flyer und Anmeldeformular f\u00fcr eine SGZP-Mitgliedschaft\" class=\"bsk-pdfm-pdf-link-for-title pdf-id-73\"><span class=\"bsk-pdfm-pdf-title-string\">Flyer und Anmeldeformular f\u00fcr eine SGZP-Mitgliedschaft<\/span><\/a><\/li>\n<li class=\"bsk-pdfm-list-item list-item-odd\" data-date=\"2022-06-23-jeu\" data-id=\"75\">\n<a href=\"https:\/\/sgzp.ch\/wp-content\/uploads\/bsk-pdf-manager\/2025\/04\/Statuten-Ausgabe-2025.pdf\"  title=\"Statuten, Ausgabe 2025\" class=\"bsk-pdfm-pdf-link-for-title pdf-id-75\"><span class=\"bsk-pdfm-pdf-title-string\">Statuten, Ausgabe 2025<\/span><\/a><\/li>\n<li class=\"bsk-pdfm-list-item list-item-even\" data-date=\"2022-09-02-ven\" data-id=\"81\">\n<a href=\"https:\/\/sgzp.ch\/wp-content\/uploads\/bsk-pdf-manager\/2024\/12\/Gebuehren_01-01-2025.pdf\"  title=\"Geb\u00fchrenregelung - g\u00fcltig ab 01.01.2025\" class=\"bsk-pdfm-pdf-link-for-title pdf-id-81\"><span class=\"bsk-pdfm-pdf-title-string\">Geb\u00fchrenregelung - g\u00fcltig ab 01.01.2025<\/span><\/a><\/li>\n<li class=\"bsk-pdfm-list-item list-item-odd\" data-date=\"2025-04-24-jeu\" data-id=\"128\">\n<a href=\"https:\/\/sgzp.ch\/wp-content\/uploads\/bsk-pdf-manager\/2026\/01\/SGZP-Richtlinie-Rev-7.pdf\"  title=\"Richtlinie Rev. 7\" class=\"bsk-pdfm-pdf-link-for-title pdf-id-128\"><span class=\"bsk-pdfm-pdf-title-string\">Richtlinie Rev. 7<\/span><\/a><\/li>\n<li class=\"bsk-pdfm-list-item list-item-even\" data-date=\"2025-04-24-jeu\" data-id=\"129\">\n<a href=\"https:\/\/sgzp.ch\/wp-content\/uploads\/bsk-pdf-manager\/2026\/01\/QHB_2026-Rev-16-gueltig-ab-27.01.2026.pdf\"  title=\"QHB Rev. 16 g\u00fcltig ab 27.01.2026\" class=\"bsk-pdfm-pdf-link-for-title pdf-id-129\"><span class=\"bsk-pdfm-pdf-title-string\">QHB Rev. 16 g\u00fcltig ab 27.01.2026<\/span><\/a><\/li>\n<\/ul><!--\/\/bsk-pdfm-category-output cat-1--><\/div><div class=\"bsk-pdfm-category-shortcode-attr\"><input type=\"hidden\" class=\"bsk-pdfm-shortcode-attr\" data-attr_name=\"ul_or_ol\" value=\"ul\" \/><input type=\"hidden\" class=\"bsk-pdfm-shortcode-attr\" data-attr_name=\"id\" value=\"1\" \/><input type=\"hidden\" class=\"bsk-pdfm-shortcode-attr\" data-attr_name=\"cat_order_by\" value=\" C.`title`\" \/><input type=\"hidden\" class=\"bsk-pdfm-shortcode-attr\" data-attr_name=\"cat_order\" value=\" ASC\" \/><input type=\"hidden\" class=\"bsk-pdfm-shortcode-attr\" data-attr_name=\"show_cat_title\" value=\"\" \/><input type=\"hidden\" class=\"bsk-pdfm-shortcode-attr\" data-attr_name=\"order_by\" value=\"date\" \/><input type=\"hidden\" class=\"bsk-pdfm-shortcode-attr\" data-attr_name=\"order\" value=\"ASC\" \/><input type=\"hidden\" class=\"bsk-pdfm-shortcode-attr\" data-attr_name=\"target\" value=\"\" \/><input type=\"hidden\" class=\"bsk-pdfm-shortcode-attr\" data-attr_name=\"most_top\" value=\"0\" \/><input type=\"hidden\" class=\"bsk-pdfm-shortcode-attr\" data-attr_name=\"nofollow_tag\" value=\"no\" \/><input type=\"hidden\" class=\"bsk-pdfm-shortcode-attr\" data-attr_name=\"noopener_tag\" value=\"no\" \/><input type=\"hidden\" class=\"bsk-pdfm-shortcode-attr\" data-attr_name=\"noreferrer_tag\" value=\"no\" \/><input type=\"hidden\" class=\"bsk-pdfm-shortcode-attr\" data-attr_name=\"show_date\" value=\"no\" \/><input type=\"hidden\" class=\"bsk-pdfm-shortcode-attr\" data-attr_name=\"date_before_title\" value=\"no\" \/><input type=\"hidden\" class=\"bsk-pdfm-shortcode-attr\" data-attr_name=\"date_format\" value=\" d\/m\/Y\" \/><input type=\"hidden\" class=\"bsk-pdfm-shortcode-attr\" data-attr_name=\"show_count_desc\" value=\"no\" \/><input type=\"hidden\" class=\"bsk-pdfm-shortcode-attr\" data-attr_name=\"extension_filter\" value=\"no\" \/><input type=\"hidden\" class=\"bsk-pdfm-shortcode-attr\" data-attr_name=\"tags\" value=\"no\" \/><input type=\"hidden\" class=\"bsk-pdfm-shortcode-attr\" data-attr_name=\"tags_specific\" value=\"\" \/><input type=\"hidden\" class=\"bsk-pdfm-shortcode-attr\" data-attr_name=\"tags_default\" value=\"\" \/><input type=\"hidden\" class=\"bsk-pdfm-shortcode-attr\" data-attr_name=\"tags_exclude\" value=\"\" \/><input type=\"hidden\" class=\"bsk-pdfm-shortcode-attr\" data-attr_name=\"tags_align_right\" value=\"no\" \/><input type=\"hidden\" class=\"bsk-pdfm-shortcode-attr\" data-attr_name=\"output_container_class\" value=\"\" \/><input type=\"hidden\" class=\"bsk-pdfm-shortcode-attr\" data-attr_name=\"cat_id\" value=\"1\" \/><input type=\"hidden\" class=\"bsk-pdfm-shortcode-attr\" data-attr_name=\"valid_cat_ids\" value=\"1\" \/><input type=\"hidden\" class=\"bsk-pdfm-category-ajax-nonce\" value=\"e73b53b97d\"><\/div><\/div><!-- \/\/bsk-pdfm-output-container --><\/div>\n\t\t\t\t\t\t<\/div>\n\t\t\t\t<\/div>\n\t\t\t\t\t<\/div>\n\t\t<\/div>\n\t\t\t\t\t<\/div>\n\t\t<\/section>\n\t\t\t\t<\/div>","protected":false},"excerpt":{"rendered":"<p>SGZP Schweizerische Gesellschaft f\u00fcr zerst\u00f6rungsfreie Pr\u00fcfung Die Schweizerische Gesellschaft f\u00fcr zerst\u00f6rungsfreie Pr\u00fcfung ist ein Verein nach ZGB Art. 60 ff und unter diesem Namen auch im Handelsregister des Kantons Z\u00fcrich eingetragen. Namen (in allen drei Amtssprachen und englisch) und Logo sind urheberrechtlich gesch\u00fctzt. Sog. Domizilgeberin und damit Sitz ist in Wallisellen. Ausschreibung Ren\u00e9 Hornung Preis [&hellip;]<\/p>\n","protected":false},"author":2,"featured_media":0,"parent":0,"menu_order":0,"comment_status":"closed","ping_status":"closed","template":"","meta":{"site-sidebar-layout":"no-sidebar","site-content-layout":"page-builder","ast-site-content-layout":"default","site-content-style":"default","site-sidebar-style":"default","ast-global-header-display":"","ast-banner-title-visibility":"","ast-main-header-display":"","ast-hfb-above-header-display":"","ast-hfb-below-header-display":"","ast-hfb-mobile-header-display":"","site-post-title":"disabled","ast-breadcrumbs-content":"","ast-featured-img":"disabled","footer-sml-layout":"","ast-disable-related-posts":"","theme-transparent-header-meta":"","adv-header-id-meta":"","stick-header-meta":"","header-above-stick-meta":"","header-main-stick-meta":"","header-below-stick-meta":"","astra-migrate-meta-layouts":"default","ast-page-background-enabled":"default","ast-page-background-meta":{"desktop":{"background-color":"","background-image":"","background-repeat":"repeat","background-position":"center center","background-size":"auto","background-attachment":"scroll","background-type":"","background-media":"","overlay-type":"","overlay-color":"","overlay-opacity":"","overlay-gradient":""},"tablet":{"background-color":"","background-image":"","background-repeat":"repeat","background-position":"center center","background-size":"auto","background-attachment":"scroll","background-type":"","background-media":"","overlay-type":"","overlay-color":"","overlay-opacity":"","overlay-gradient":""},"mobile":{"background-color":"","background-image":"","background-repeat":"repeat","background-position":"center center","background-size":"auto","background-attachment":"scroll","background-type":"","background-media":"","overlay-type":"","overlay-color":"","overlay-opacity":"","overlay-gradient":""}},"ast-content-background-meta":{"desktop":{"background-color":"var(--ast-global-color-5)","background-image":"","background-repeat":"repeat","background-position":"center center","background-size":"auto","background-attachment":"scroll","background-type":"","background-media":"","overlay-type":"","overlay-color":"","overlay-opacity":"","overlay-gradient":""},"tablet":{"background-color":"var(--ast-global-color-5)","background-image":"","background-repeat":"repeat","background-position":"center center","background-size":"auto","background-attachment":"scroll","background-type":"","background-media":"","overlay-type":"","overlay-color":"","overlay-opacity":"","overlay-gradient":""},"mobile":{"background-color":"var(--ast-global-color-5)","background-image":"","background-repeat":"repeat","background-position":"center center","background-size":"auto","background-attachment":"scroll","background-type":"","background-media":"","overlay-type":"","overlay-color":"","overlay-opacity":"","overlay-gradient":""}},"footnotes":""},"class_list":["post-7","page","type-page","status-publish","hentry"],"_links":{"self":[{"href":"https:\/\/sgzp.ch\/fr\/wp-json\/wp\/v2\/pages\/7","targetHints":{"allow":["GET"]}}],"collection":[{"href":"https:\/\/sgzp.ch\/fr\/wp-json\/wp\/v2\/pages"}],"about":[{"href":"https:\/\/sgzp.ch\/fr\/wp-json\/wp\/v2\/types\/page"}],"author":[{"embeddable":true,"href":"https:\/\/sgzp.ch\/fr\/wp-json\/wp\/v2\/users\/2"}],"replies":[{"embeddable":true,"href":"https:\/\/sgzp.ch\/fr\/wp-json\/wp\/v2\/comments?post=7"}],"version-history":[{"count":143,"href":"https:\/\/sgzp.ch\/fr\/wp-json\/wp\/v2\/pages\/7\/revisions"}],"predecessor-version":[{"id":2813,"href":"https:\/\/sgzp.ch\/fr\/wp-json\/wp\/v2\/pages\/7\/revisions\/2813"}],"wp:attachment":[{"href":"https:\/\/sgzp.ch\/fr\/wp-json\/wp\/v2\/media?parent=7"}],"curies":[{"name":"wp","href":"https:\/\/api.w.org\/{rel}","templated":true}]}}