{"id":1645,"date":"2022-02-19T15:37:00","date_gmt":"2022-02-19T14:37:00","guid":{"rendered":"https:\/\/env-7824846.jcloud.ik-server.com\/?page_id=1645"},"modified":"2024-03-18T23:52:49","modified_gmt":"2024-03-18T22:52:49","slug":"iso-9712","status":"publish","type":"page","link":"https:\/\/sgzp.ch\/fr\/iso-9712\/","title":{"rendered":"ISO 9712"},"content":{"rendered":"<div data-elementor-type=\"wp-page\" data-elementor-id=\"1645\" class=\"elementor elementor-1645\" data-elementor-post-type=\"page\">\n\t\t\t\t\t\t<section class=\"elementor-section elementor-top-section elementor-element elementor-element-57d46f07 elementor-section-boxed elementor-section-height-default elementor-section-height-default\" data-id=\"57d46f07\" data-element_type=\"section\" data-e-type=\"section\">\n\t\t\t\t\t\t<div class=\"elementor-container elementor-column-gap-default\">\n\t\t\t\t\t<div class=\"elementor-column elementor-col-100 elementor-top-column elementor-element elementor-element-2520a3c4\" data-id=\"2520a3c4\" data-element_type=\"column\" data-e-type=\"column\">\n\t\t\t<div class=\"elementor-widget-wrap elementor-element-populated\">\n\t\t\t\t\t\t<div class=\"elementor-element elementor-element-917dba6 elementor-widget elementor-widget-heading\" data-id=\"917dba6\" data-element_type=\"widget\" data-e-type=\"widget\" data-widget_type=\"heading.default\">\n\t\t\t\t<div class=\"elementor-widget-container\">\n\t\t\t\t\t<h1 class=\"elementor-heading-title elementor-size-default\">SN EN ISO 9712 <\/h1>\t\t\t\t<\/div>\n\t\t\t\t<\/div>\n\t\t\t\t\t<\/div>\n\t\t<\/div>\n\t\t\t\t\t<\/div>\n\t\t<\/section>\n\t\t\t\t<section class=\"elementor-section elementor-top-section elementor-element elementor-element-2a62fbbd elementor-section-boxed elementor-section-height-default elementor-section-height-default\" data-id=\"2a62fbbd\" data-element_type=\"section\" data-e-type=\"section\">\n\t\t\t\t\t\t<div class=\"elementor-container elementor-column-gap-default\">\n\t\t\t\t\t<div class=\"elementor-column elementor-col-100 elementor-top-column elementor-element elementor-element-448dd973\" data-id=\"448dd973\" data-element_type=\"column\" data-e-type=\"column\">\n\t\t\t<div class=\"elementor-widget-wrap elementor-element-populated\">\n\t\t\t\t\t\t<div class=\"elementor-element elementor-element-26846e0c elementor-widget elementor-widget-text-editor\" data-id=\"26846e0c\" data-element_type=\"widget\" data-e-type=\"widget\" data-widget_type=\"text-editor.default\">\n\t\t\t\t<div class=\"elementor-widget-container\">\n\t\t\t\t\t\t\t\t\t<p>Les formulaires suivants sont pr\u00e9vus pour la formation, l\u2019examen et la certification selon EN ISO 9712.\u00a0<b>En raison des exigences formul\u00e9es par l\u2019organisme d\u2019accr\u00e9ditation, les inscriptions \u00e0 un cours et \u00e0 l\u2019examen correspondant ne peuvent plus \u00eatre r\u00e9alis\u00e9es sur un m\u00eame formulaire.<\/b>\u00a0Nous comptons sur votre compr\u00e9hension pour l\u2019effort suppl\u00e9mentaire demand\u00e9.<\/p>\t\t\t\t\t\t\t\t<\/div>\n\t\t\t\t<\/div>\n\t\t\t\t\t<\/div>\n\t\t<\/div>\n\t\t\t\t\t<\/div>\n\t\t<\/section>\n\t\t\t\t<section class=\"elementor-section elementor-top-section elementor-element elementor-element-69bf950d elementor-section-boxed elementor-section-height-default elementor-section-height-default\" data-id=\"69bf950d\" data-element_type=\"section\" data-e-type=\"section\">\n\t\t\t\t\t\t<div class=\"elementor-container elementor-column-gap-default\">\n\t\t\t\t\t<div class=\"elementor-column elementor-col-100 elementor-top-column elementor-element elementor-element-2ee027c\" data-id=\"2ee027c\" data-element_type=\"column\" data-e-type=\"column\">\n\t\t\t<div class=\"elementor-widget-wrap elementor-element-populated\">\n\t\t\t\t\t\t<div class=\"elementor-element elementor-element-45540d66 elementor-widget elementor-widget-heading\" data-id=\"45540d66\" data-element_type=\"widget\" data-e-type=\"widget\" data-widget_type=\"heading.default\">\n\t\t\t\t<div class=\"elementor-widget-container\">\n\t\t\t\t\t<h2 class=\"elementor-heading-title elementor-size-default\">Formulaires d\u2019inscription <\/h2>\t\t\t\t<\/div>\n\t\t\t\t<\/div>\n\t\t\t\t<div class=\"elementor-element elementor-element-1b1a906 elementor-widget elementor-widget-shortcode\" data-id=\"1b1a906\" data-element_type=\"widget\" data-e-type=\"widget\" data-widget_type=\"shortcode.default\">\n\t\t\t\t<div class=\"elementor-widget-container\">\n\t\t\t\t\t\t\t<div class=\"elementor-shortcode\"><div class=\"bsk-pdfm-output-container shortcode-category layout-ul\"><div class=\"bsk-pdfm-category-output cat-3 category-hierarchical-depth-1 pdfs-in-ul\" data-cat-id=\"3\"><ul class=\"bsk-pdfm-pdfs-ul-list bsk-pdfm-without-featured-image bsk-pdfm-without-description bsk-pdfm-with-title\">\n<li class=\"bsk-pdfm-list-item list-item-odd\" data-date=\"2022-02-19-sam\" data-id=\"6\">\n<a href=\"https:\/\/sgzp.ch\/wp-content\/uploads\/bsk-pdf-manager\/2022\/02\/2b-Anmeldeformular_d.pdf\"  title=\"Formation ASS\" class=\"bsk-pdfm-pdf-link-for-title pdf-id-6\"><span class=\"bsk-pdfm-pdf-title-string\">Formation ASS<\/span><\/a><\/li>\n<li class=\"bsk-pdfm-list-item list-item-even\" data-date=\"2022-03-01-mar\" data-id=\"41\">\n<a href=\"https:\/\/sgzp.ch\/wp-content\/uploads\/bsk-pdf-manager\/2023\/06\/2023_NDT_Anmeldung_V02.pdf\"  title=\"Formation NDT\" class=\"bsk-pdfm-pdf-link-for-title pdf-id-41\"><span class=\"bsk-pdfm-pdf-title-string\">Formation NDT<\/span><\/a><\/li>\n<li class=\"bsk-pdfm-list-item list-item-odd\" data-date=\"2022-03-03-jeu\" data-id=\"44\">\n<a href=\"https:\/\/sgzp.ch\/wp-content\/uploads\/2026\/01\/Demande-de-certification.pdf\"  title=\"Certification\" class=\"bsk-pdfm-pdf-link-for-title pdf-id-44\"><span class=\"bsk-pdfm-pdf-title-string\">Certification<\/span><\/a><\/li>\n<li class=\"bsk-pdfm-list-item list-item-even\" data-date=\"2022-10-01-sam\" data-id=\"86\">\n<a href=\"https:\/\/sgzp.ch\/wp-content\/uploads\/2026\/01\/Demande-dinscription-a-dexamen18.pdf\"  title=\"Examen\" class=\"bsk-pdfm-pdf-link-for-title pdf-id-86\"><span class=\"bsk-pdfm-pdf-title-string\">Examen<\/span><\/a><\/li>\n<li class=\"bsk-pdfm-list-item list-item-odd\" data-date=\"2022-10-02-dim\" data-id=\"90\">\n<a href=\"https:\/\/sgzp.ch\/wp-content\/uploads\/2026\/01\/Certification-ulterieure-ou-qualification-exerne.pdf\"  title=\"Certification a posteriori + qualification externe\" class=\"bsk-pdfm-pdf-link-for-title pdf-id-90\"><span class=\"bsk-pdfm-pdf-title-string\">Certification a posteriori + qualification externe<\/span><\/a><\/li>\n<li class=\"bsk-pdfm-list-item list-item-even\" data-date=\"2023-11-10-ven\" data-id=\"107\">\n<a href=\"https:\/\/sgzp.ch\/wp-content\/uploads\/2026\/01\/Demande-de-recertification.pdf\"  title=\"Demande Recertification\" class=\"bsk-pdfm-pdf-link-for-title pdf-id-107\"><span class=\"bsk-pdfm-pdf-title-string\">Demande Recertification<\/span><\/a><\/li>\n<li class=\"bsk-pdfm-list-item list-item-odd\" data-date=\"2023-11-10-ven\" data-id=\"108\">\n<a href=\"https:\/\/sgzp.ch\/wp-content\/uploads\/2026\/02\/Demande-de-renouvellement-de-la-certfication.pdf\"  title=\"Renouvellement de la certification\" class=\"bsk-pdfm-pdf-link-for-title pdf-id-108\"><span class=\"bsk-pdfm-pdf-title-string\">Renouvellement de la certification<\/span><\/a><\/li>\n<\/ul><!--\/\/bsk-pdfm-category-output cat-3--><\/div><div class=\"bsk-pdfm-category-shortcode-attr\"><input type=\"hidden\" class=\"bsk-pdfm-shortcode-attr\" data-attr_name=\"ul_or_ol\" value=\"ul\" \/><input type=\"hidden\" class=\"bsk-pdfm-shortcode-attr\" data-attr_name=\"id\" value=\"3\" \/><input type=\"hidden\" class=\"bsk-pdfm-shortcode-attr\" data-attr_name=\"cat_order_by\" value=\" C.`title`\" \/><input type=\"hidden\" class=\"bsk-pdfm-shortcode-attr\" data-attr_name=\"cat_order\" value=\" ASC\" \/><input type=\"hidden\" class=\"bsk-pdfm-shortcode-attr\" data-attr_name=\"show_cat_title\" value=\"\" \/><input type=\"hidden\" class=\"bsk-pdfm-shortcode-attr\" data-attr_name=\"order_by\" value=\"date\" \/><input type=\"hidden\" class=\"bsk-pdfm-shortcode-attr\" data-attr_name=\"order\" value=\"ASC\" \/><input type=\"hidden\" class=\"bsk-pdfm-shortcode-attr\" data-attr_name=\"target\" value=\"\" \/><input type=\"hidden\" class=\"bsk-pdfm-shortcode-attr\" data-attr_name=\"most_top\" value=\"0\" \/><input type=\"hidden\" class=\"bsk-pdfm-shortcode-attr\" data-attr_name=\"nofollow_tag\" value=\"no\" \/><input type=\"hidden\" class=\"bsk-pdfm-shortcode-attr\" data-attr_name=\"noopener_tag\" value=\"no\" \/><input type=\"hidden\" class=\"bsk-pdfm-shortcode-attr\" data-attr_name=\"noreferrer_tag\" value=\"no\" \/><input type=\"hidden\" class=\"bsk-pdfm-shortcode-attr\" data-attr_name=\"show_date\" value=\"no\" \/><input type=\"hidden\" class=\"bsk-pdfm-shortcode-attr\" data-attr_name=\"date_before_title\" value=\"no\" \/><input type=\"hidden\" class=\"bsk-pdfm-shortcode-attr\" data-attr_name=\"date_format\" value=\" d\/m\/Y\" \/><input type=\"hidden\" class=\"bsk-pdfm-shortcode-attr\" data-attr_name=\"show_count_desc\" value=\"no\" \/><input type=\"hidden\" class=\"bsk-pdfm-shortcode-attr\" data-attr_name=\"extension_filter\" value=\"no\" \/><input type=\"hidden\" class=\"bsk-pdfm-shortcode-attr\" data-attr_name=\"tags\" value=\"no\" \/><input type=\"hidden\" class=\"bsk-pdfm-shortcode-attr\" data-attr_name=\"tags_specific\" value=\"\" \/><input type=\"hidden\" class=\"bsk-pdfm-shortcode-attr\" data-attr_name=\"tags_default\" value=\"\" \/><input type=\"hidden\" class=\"bsk-pdfm-shortcode-attr\" data-attr_name=\"tags_exclude\" value=\"\" \/><input type=\"hidden\" class=\"bsk-pdfm-shortcode-attr\" data-attr_name=\"tags_align_right\" value=\"no\" \/><input type=\"hidden\" class=\"bsk-pdfm-shortcode-attr\" data-attr_name=\"output_container_class\" value=\"\" \/><input type=\"hidden\" class=\"bsk-pdfm-shortcode-attr\" data-attr_name=\"cat_id\" value=\"3\" \/><input type=\"hidden\" class=\"bsk-pdfm-shortcode-attr\" data-attr_name=\"valid_cat_ids\" value=\"3\" \/><input type=\"hidden\" class=\"bsk-pdfm-category-ajax-nonce\" value=\"ef619c4038\"><\/div><\/div><!-- \/\/bsk-pdfm-output-container -->\n\n<\/div>\n\t\t\t\t\t\t<\/div>\n\t\t\t\t<\/div>\n\t\t\t\t\t<\/div>\n\t\t<\/div>\n\t\t\t\t\t<\/div>\n\t\t<\/section>\n\t\t\t\t<section class=\"elementor-section elementor-top-section elementor-element elementor-element-def3d56 elementor-section-boxed elementor-section-height-default elementor-section-height-default\" data-id=\"def3d56\" data-element_type=\"section\" data-e-type=\"section\">\n\t\t\t\t\t\t<div class=\"elementor-container elementor-column-gap-default\">\n\t\t\t\t\t<div class=\"elementor-column elementor-col-100 elementor-top-column elementor-element elementor-element-0ee9c91\" data-id=\"0ee9c91\" data-element_type=\"column\" data-e-type=\"column\">\n\t\t\t<div class=\"elementor-widget-wrap elementor-element-populated\">\n\t\t\t\t\t\t<div class=\"elementor-element elementor-element-95a59a8 elementor-widget elementor-widget-heading\" data-id=\"95a59a8\" data-element_type=\"widget\" data-e-type=\"widget\" data-widget_type=\"heading.default\">\n\t\t\t\t<div class=\"elementor-widget-container\">\n\t\t\t\t\t<h2 class=\"elementor-heading-title elementor-size-default\">Formulaires justificatifs <\/h2>\t\t\t\t<\/div>\n\t\t\t\t<\/div>\n\t\t\t\t<div class=\"elementor-element elementor-element-7709afd elementor-widget elementor-widget-shortcode\" data-id=\"7709afd\" data-element_type=\"widget\" data-e-type=\"widget\" data-widget_type=\"shortcode.default\">\n\t\t\t\t<div class=\"elementor-widget-container\">\n\t\t\t\t\t\t\t<div class=\"elementor-shortcode\"><div class=\"bsk-pdfm-output-container shortcode-category layout-ul\"><div class=\"bsk-pdfm-category-output cat-4 category-hierarchical-depth-1 pdfs-in-ul\" data-cat-id=\"4\"><ul class=\"bsk-pdfm-pdfs-ul-list bsk-pdfm-without-featured-image bsk-pdfm-without-description bsk-pdfm-with-title\">\n<li class=\"bsk-pdfm-list-item list-item-odd\" data-date=\"2024-03-18-lun\" data-id=\"113\">\n<a href=\"https:\/\/sgzp.ch\/wp-content\/uploads\/2026\/01\/Systeme-structure-de-credit-niveau-1-rev3.xlsx\"  title=\"Syst\u00e8me de cr\u00e9dit niveau 1\" class=\"bsk-pdfm-pdf-link-for-title pdf-id-113\"><span class=\"bsk-pdfm-pdf-title-string\">Syst\u00e8me de cr\u00e9dit niveau 1<\/span><\/a><\/li>\n<li class=\"bsk-pdfm-list-item list-item-even\" data-date=\"2022-03-03-jeu\" data-id=\"49\">\n<a href=\"https:\/\/sgzp.ch\/wp-content\/uploads\/2026\/01\/Systeme-structure-de-credit-niveau-2-rev3.xlsx\"  title=\"Syst\u00e8me de cr\u00e9dit niveau 2\" class=\"bsk-pdfm-pdf-link-for-title pdf-id-49\"><span class=\"bsk-pdfm-pdf-title-string\">Syst\u00e8me de cr\u00e9dit niveau 2<\/span><\/a><\/li>\n<li class=\"bsk-pdfm-list-item list-item-odd\" data-date=\"2022-03-03-jeu\" data-id=\"50\">\n<a href=\"https:\/\/sgzp.ch\/wp-content\/uploads\/2026\/01\/Systeme-structure-de-credit-niveau-3-rev2.xlsx\"  title=\"Syst\u00e8me de cr\u00e9dit niveau 3\" class=\"bsk-pdfm-pdf-link-for-title pdf-id-50\"><span class=\"bsk-pdfm-pdf-title-string\">Syst\u00e8me de cr\u00e9dit niveau 3<\/span><\/a><\/li>\n<li class=\"bsk-pdfm-list-item list-item-even\" data-date=\"2023-07-10-lun\" data-id=\"100\">\n<a href=\"https:\/\/sgzp.ch\/wp-content\/uploads\/bsk-pdf-manager\/2023\/11\/Leitfaden-zum-Ausfuellen-des-strukturierten-Kreditsystem-aller-Stufen.pdf\"  title=\"Leitfaden zum Ausf\u00fcllen des strukturierten Kreditsystems\" class=\"bsk-pdfm-pdf-link-for-title pdf-id-100\"><span class=\"bsk-pdfm-pdf-title-string\">Leitfaden zum Ausf\u00fcllen des strukturierten Kreditsystems<\/span><\/a><\/li>\n<li class=\"bsk-pdfm-list-item list-item-odd\" data-date=\"2022-03-03-jeu\" data-id=\"47\">\n<a href=\"https:\/\/sgzp.ch\/wp-content\/uploads\/2022\/10\/R1_Sehfaehigkeitsnachweis_f_ISO9712.docx\"  title=\"Acuit\u00e9 visuelle\" class=\"bsk-pdfm-pdf-link-for-title pdf-id-47\"><span class=\"bsk-pdfm-pdf-title-string\">Acuit\u00e9 visuelle<\/span><\/a><\/li>\n<\/ul><!--\/\/bsk-pdfm-category-output cat-4--><\/div><div class=\"bsk-pdfm-category-shortcode-attr\"><input type=\"hidden\" class=\"bsk-pdfm-shortcode-attr\" data-attr_name=\"ul_or_ol\" value=\"ul\" \/><input type=\"hidden\" class=\"bsk-pdfm-shortcode-attr\" data-attr_name=\"id\" value=\"4\" \/><input type=\"hidden\" class=\"bsk-pdfm-shortcode-attr\" data-attr_name=\"cat_order_by\" value=\" C.`title`\" \/><input type=\"hidden\" class=\"bsk-pdfm-shortcode-attr\" data-attr_name=\"cat_order\" value=\" ASC\" \/><input type=\"hidden\" class=\"bsk-pdfm-shortcode-attr\" data-attr_name=\"show_cat_title\" value=\"\" \/><input type=\"hidden\" class=\"bsk-pdfm-shortcode-attr\" data-attr_name=\"order_by\" value=\"\" \/><input type=\"hidden\" class=\"bsk-pdfm-shortcode-attr\" data-attr_name=\"order\" value=\"ASC\" \/><input type=\"hidden\" class=\"bsk-pdfm-shortcode-attr\" data-attr_name=\"target\" value=\"\" \/><input type=\"hidden\" class=\"bsk-pdfm-shortcode-attr\" data-attr_name=\"most_top\" value=\"0\" \/><input type=\"hidden\" class=\"bsk-pdfm-shortcode-attr\" data-attr_name=\"nofollow_tag\" value=\"no\" \/><input type=\"hidden\" class=\"bsk-pdfm-shortcode-attr\" data-attr_name=\"noopener_tag\" value=\"no\" \/><input type=\"hidden\" class=\"bsk-pdfm-shortcode-attr\" data-attr_name=\"noreferrer_tag\" value=\"no\" \/><input type=\"hidden\" class=\"bsk-pdfm-shortcode-attr\" data-attr_name=\"show_date\" value=\"no\" \/><input type=\"hidden\" class=\"bsk-pdfm-shortcode-attr\" data-attr_name=\"date_before_title\" value=\"no\" \/><input type=\"hidden\" class=\"bsk-pdfm-shortcode-attr\" data-attr_name=\"date_format\" value=\" d\/m\/Y\" \/><input type=\"hidden\" class=\"bsk-pdfm-shortcode-attr\" data-attr_name=\"show_count_desc\" value=\"no\" \/><input type=\"hidden\" class=\"bsk-pdfm-shortcode-attr\" data-attr_name=\"extension_filter\" value=\"no\" \/><input type=\"hidden\" class=\"bsk-pdfm-shortcode-attr\" data-attr_name=\"tags\" value=\"no\" \/><input type=\"hidden\" class=\"bsk-pdfm-shortcode-attr\" data-attr_name=\"tags_specific\" value=\"\" \/><input type=\"hidden\" class=\"bsk-pdfm-shortcode-attr\" data-attr_name=\"tags_default\" value=\"\" \/><input type=\"hidden\" class=\"bsk-pdfm-shortcode-attr\" data-attr_name=\"tags_exclude\" value=\"\" \/><input type=\"hidden\" class=\"bsk-pdfm-shortcode-attr\" data-attr_name=\"tags_align_right\" value=\"no\" \/><input type=\"hidden\" class=\"bsk-pdfm-shortcode-attr\" data-attr_name=\"output_container_class\" value=\"\" \/><input type=\"hidden\" class=\"bsk-pdfm-shortcode-attr\" data-attr_name=\"cat_id\" value=\"4\" \/><input type=\"hidden\" class=\"bsk-pdfm-shortcode-attr\" data-attr_name=\"valid_cat_ids\" value=\"4\" \/><input type=\"hidden\" class=\"bsk-pdfm-category-ajax-nonce\" value=\"ef619c4038\"><\/div><\/div><!-- \/\/bsk-pdfm-output-container -->\n\n<\/div>\n\t\t\t\t\t\t<\/div>\n\t\t\t\t<\/div>\n\t\t\t\t\t<\/div>\n\t\t<\/div>\n\t\t\t\t\t<\/div>\n\t\t<\/section>\n\t\t\t\t<\/div>","protected":false},"excerpt":{"rendered":"<p>SN EN ISO 9712 Die folgenden Formulare sind f\u00fcr Ausbildung, Pr\u00fcfung und Zertifizierung nach EN ISO 9712 vorgesehen.\u00a0Aufgrund von Anforderungen der Akkreditierungsstelle d\u00fcrfen die\u00a0 Anmeldungen zu einem Kurs und zu der entsprechenden Pr\u00fcfung nicht mehr auf einem gemeinsamen Formular erfolgen.\u00a0Wir bitten Sie f\u00fcr den Mehraufwand um Verst\u00e4ndnis. Antragsformulare Nachweisformulare<\/p>","protected":false},"author":2,"featured_media":0,"parent":0,"menu_order":0,"comment_status":"closed","ping_status":"closed","template":"","meta":{"site-sidebar-layout":"no-sidebar","site-content-layout":"page-builder","ast-site-content-layout":"default","site-content-style":"default","site-sidebar-style":"default","ast-global-header-display":"","ast-banner-title-visibility":"","ast-main-header-display":"","ast-hfb-above-header-display":"","ast-hfb-below-header-display":"","ast-hfb-mobile-header-display":"","site-post-title":"disabled","ast-breadcrumbs-content":"","ast-featured-img":"disabled","footer-sml-layout":"","ast-disable-related-posts":"","theme-transparent-header-meta":"","adv-header-id-meta":"","stick-header-meta":"","header-above-stick-meta":"","header-main-stick-meta":"","header-below-stick-meta":"","astra-migrate-meta-layouts":"default","ast-page-background-enabled":"default","ast-page-background-meta":{"desktop":{"background-color":"","background-image":"","background-repeat":"repeat","background-position":"center center","background-size":"auto","background-attachment":"scroll","background-type":"","background-media":"","overlay-type":"","overlay-color":"","overlay-opacity":"","overlay-gradient":""},"tablet":{"background-color":"","background-image":"","background-repeat":"repeat","background-position":"center center","background-size":"auto","background-attachment":"scroll","background-type":"","background-media":"","overlay-type":"","overlay-color":"","overlay-opacity":"","overlay-gradient":""},"mobile":{"background-color":"","background-image":"","background-repeat":"repeat","background-position":"center center","background-size":"auto","background-attachment":"scroll","background-type":"","background-media":"","overlay-type":"","overlay-color":"","overlay-opacity":"","overlay-gradient":""}},"ast-content-background-meta":{"desktop":{"background-color":"var(--ast-global-color-5)","background-image":"","background-repeat":"repeat","background-position":"center center","background-size":"auto","background-attachment":"scroll","background-type":"","background-media":"","overlay-type":"","overlay-color":"","overlay-opacity":"","overlay-gradient":""},"tablet":{"background-color":"var(--ast-global-color-5)","background-image":"","background-repeat":"repeat","background-position":"center center","background-size":"auto","background-attachment":"scroll","background-type":"","background-media":"","overlay-type":"","overlay-color":"","overlay-opacity":"","overlay-gradient":""},"mobile":{"background-color":"var(--ast-global-color-5)","background-image":"","background-repeat":"repeat","background-position":"center center","background-size":"auto","background-attachment":"scroll","background-type":"","background-media":"","overlay-type":"","overlay-color":"","overlay-opacity":"","overlay-gradient":""}},"footnotes":""},"class_list":["post-1645","page","type-page","status-publish","hentry"],"_links":{"self":[{"href":"https:\/\/sgzp.ch\/fr\/wp-json\/wp\/v2\/pages\/1645","targetHints":{"allow":["GET"]}}],"collection":[{"href":"https:\/\/sgzp.ch\/fr\/wp-json\/wp\/v2\/pages"}],"about":[{"href":"https:\/\/sgzp.ch\/fr\/wp-json\/wp\/v2\/types\/page"}],"author":[{"embeddable":true,"href":"https:\/\/sgzp.ch\/fr\/wp-json\/wp\/v2\/users\/2"}],"replies":[{"embeddable":true,"href":"https:\/\/sgzp.ch\/fr\/wp-json\/wp\/v2\/comments?post=1645"}],"version-history":[{"count":44,"href":"https:\/\/sgzp.ch\/fr\/wp-json\/wp\/v2\/pages\/1645\/revisions"}],"predecessor-version":[{"id":2613,"href":"https:\/\/sgzp.ch\/fr\/wp-json\/wp\/v2\/pages\/1645\/revisions\/2613"}],"wp:attachment":[{"href":"https:\/\/sgzp.ch\/fr\/wp-json\/wp\/v2\/media?parent=1645"}],"curies":[{"name":"wp","href":"https:\/\/api.w.org\/{rel}","templated":true}]}}