{"id":1639,"date":"2022-02-19T15:35:50","date_gmt":"2022-02-19T14:35:50","guid":{"rendered":"https:\/\/env-7824846.jcloud.ik-server.com\/?page_id=1639"},"modified":"2025-05-19T14:00:52","modified_gmt":"2025-05-19T12:00:52","slug":"sgzp","status":"publish","type":"page","link":"https:\/\/sgzp.ch\/fr\/sgzp\/","title":{"rendered":"ASEND"},"content":{"rendered":"<div data-elementor-type=\"wp-page\" data-elementor-id=\"1639\" class=\"elementor elementor-1639\" data-elementor-post-type=\"page\">\n\t\t\t\t\t\t<section class=\"elementor-section elementor-top-section elementor-element elementor-element-fd59f66 elementor-section-boxed elementor-section-height-default elementor-section-height-default\" data-id=\"fd59f66\" data-element_type=\"section\" data-e-type=\"section\">\n\t\t\t\t\t\t<div class=\"elementor-container elementor-column-gap-default\">\n\t\t\t\t\t<div class=\"elementor-column elementor-col-100 elementor-top-column elementor-element elementor-element-40903ac\" data-id=\"40903ac\" data-element_type=\"column\" data-e-type=\"column\">\n\t\t\t<div class=\"elementor-widget-wrap elementor-element-populated\">\n\t\t\t\t\t\t<div class=\"elementor-element elementor-element-e4deae9 elementor-widget elementor-widget-heading\" data-id=\"e4deae9\" data-element_type=\"widget\" data-e-type=\"widget\" data-widget_type=\"heading.default\">\n\t\t\t\t<div class=\"elementor-widget-container\">\n\t\t\t\t\t<h1 class=\"elementor-heading-title elementor-size-default\">ASEND<\/h1>\t\t\t\t<\/div>\n\t\t\t\t<\/div>\n\t\t\t\t\t<\/div>\n\t\t<\/div>\n\t\t\t\t\t<\/div>\n\t\t<\/section>\n\t\t\t\t<section class=\"elementor-section elementor-top-section elementor-element elementor-element-89a414a elementor-section-boxed elementor-section-height-default elementor-section-height-default\" data-id=\"89a414a\" data-element_type=\"section\" data-e-type=\"section\">\n\t\t\t\t\t\t<div class=\"elementor-container elementor-column-gap-default\">\n\t\t\t\t\t<div class=\"elementor-column elementor-col-100 elementor-top-column elementor-element elementor-element-20e7752\" data-id=\"20e7752\" data-element_type=\"column\" data-e-type=\"column\">\n\t\t\t<div class=\"elementor-widget-wrap elementor-element-populated\">\n\t\t\t\t\t\t<div class=\"elementor-element elementor-element-386f852 elementor-widget elementor-widget-heading\" data-id=\"386f852\" data-element_type=\"widget\" data-e-type=\"widget\" data-widget_type=\"heading.default\">\n\t\t\t\t<div class=\"elementor-widget-container\">\n\t\t\t\t\t<h2 class=\"elementor-heading-title elementor-size-default\">Cat\u00e9gories de membres<\/h2>\t\t\t\t<\/div>\n\t\t\t\t<\/div>\n\t\t\t\t<div class=\"elementor-element elementor-element-a827ea2 elementor-widget elementor-widget-text-editor\" data-id=\"a827ea2\" data-element_type=\"widget\" data-e-type=\"widget\" data-widget_type=\"text-editor.default\">\n\t\t\t\t<div class=\"elementor-widget-container\">\n\t\t\t\t\t\t\t\t\t<p>L\u2019Association Suisse des essais non destructifs conna\u00eet principalement deux cat\u00e9gories de membres:<\/p><ul><li>Membres individuels;<\/li><li>Membres collectifs.<\/li><\/ul><p>Comme membres individuels peuvent \u00eatre accept\u00e9es des personnes, comme membres collectifs, des entreprises, des offices, des autorit\u00e9s ou d\u2019autres associations sp\u00e9cialis\u00e9es ou professionnelles.<\/p>\t\t\t\t\t\t\t\t<\/div>\n\t\t\t\t<\/div>\n\t\t\t\t\t<\/div>\n\t\t<\/div>\n\t\t\t\t\t<\/div>\n\t\t<\/section>\n\t\t\t\t<section class=\"elementor-section elementor-top-section elementor-element elementor-element-dbf6b97 elementor-section-boxed elementor-section-height-default elementor-section-height-default\" data-id=\"dbf6b97\" data-element_type=\"section\" data-e-type=\"section\">\n\t\t\t\t\t\t<div class=\"elementor-container elementor-column-gap-default\">\n\t\t\t\t\t<div class=\"elementor-column elementor-col-100 elementor-top-column elementor-element elementor-element-47ebc2c\" data-id=\"47ebc2c\" data-element_type=\"column\" data-e-type=\"column\">\n\t\t\t<div class=\"elementor-widget-wrap elementor-element-populated\">\n\t\t\t\t\t\t<div class=\"elementor-element elementor-element-bcf3fe4 elementor-widget elementor-widget-heading\" data-id=\"bcf3fe4\" data-element_type=\"widget\" data-e-type=\"widget\" data-widget_type=\"heading.default\">\n\t\t\t\t<div class=\"elementor-widget-container\">\n\t\t\t\t\t<h2 class=\"elementor-heading-title elementor-size-default\">Avantages d\u2019une adh\u00e9sion<\/h2>\t\t\t\t<\/div>\n\t\t\t\t<\/div>\n\t\t\t\t<div class=\"elementor-element elementor-element-71398d1 elementor-widget elementor-widget-text-editor\" data-id=\"71398d1\" data-element_type=\"widget\" data-e-type=\"widget\" data-widget_type=\"text-editor.default\">\n\t\t\t\t<div class=\"elementor-widget-container\">\n\t\t\t\t\t\t\t\t\t<p>Les avantages d\u2019une adh\u00e9sion sont:<\/p><ul><li>Information sur les d\u00e9veloppements ou les \u00e9volutions en cours de la technique \u00e0 travers des soir\u00e9es \u2013 d\u00e9bats, de conf\u00e9rences ou de journ\u00e9es professionnelles ainsi que la revue des membres (journal END);<\/li><li>Contact avec d\u2019autres personnes issues du m\u00eame secteur d\u2019activit\u00e9;<\/li><li>Tarifs pr\u00e9f\u00e9rentiels sur les frais de participation aux cours de formation et aux examens de qualification.<\/li><\/ul><p>Les tarifs pr\u00e9f\u00e9rentiels sont accord\u00e9s \u00e0 tous les collaborateurs d\u2019un membre collectif. Pour des raisons l\u00e9gales, les certificats ne peuvent \u00eatre d\u00e9livr\u00e9s avec des tarifs pr\u00e9f\u00e9rentiels aux membres.<\/p>\t\t\t\t\t\t\t\t<\/div>\n\t\t\t\t<\/div>\n\t\t\t\t\t<\/div>\n\t\t<\/div>\n\t\t\t\t\t<\/div>\n\t\t<\/section>\n\t\t\t\t<section class=\"elementor-section elementor-top-section elementor-element elementor-element-27c7cfd elementor-section-boxed elementor-section-height-default elementor-section-height-default\" data-id=\"27c7cfd\" data-element_type=\"section\" data-e-type=\"section\">\n\t\t\t\t\t\t<div class=\"elementor-container elementor-column-gap-default\">\n\t\t\t\t\t<div class=\"elementor-column elementor-col-100 elementor-top-column elementor-element elementor-element-ac58186\" data-id=\"ac58186\" data-element_type=\"column\" data-e-type=\"column\">\n\t\t\t<div class=\"elementor-widget-wrap elementor-element-populated\">\n\t\t\t\t\t\t<div class=\"elementor-element elementor-element-f7d838f elementor-widget elementor-widget-heading\" data-id=\"f7d838f\" data-element_type=\"widget\" data-e-type=\"widget\" data-widget_type=\"heading.default\">\n\t\t\t\t<div class=\"elementor-widget-container\">\n\t\t\t\t\t<h2 class=\"elementor-heading-title elementor-size-default\">Montant des cotisations d\u2019adh\u00e9sion<\/h2>\t\t\t\t<\/div>\n\t\t\t\t<\/div>\n\t\t\t\t<div class=\"elementor-element elementor-element-23c968f elementor-widget elementor-widget-text-editor\" data-id=\"23c968f\" data-element_type=\"widget\" data-e-type=\"widget\" data-widget_type=\"text-editor.default\">\n\t\t\t\t<div class=\"elementor-widget-container\">\n\t\t\t\t\t\t\t\t\t<p>Die Jahresbeitr\u00e4ge werden an der j\u00e4hrlichen Mitgliederversammlung beschlossen. Sie betragen zur Zeit CHF 60.00 f\u00fcr Einzel- und CHF 300.00 f\u00fcr Kollektivmitglieder. Die j\u00e4hrlich vier bis f\u00fcnf Ausgaben der ZfP-Zeitung sind im Mitgliederbeitrag inbegriffen.<\/p>\t\t\t\t\t\t\t\t<\/div>\n\t\t\t\t<\/div>\n\t\t\t\t\t<\/div>\n\t\t<\/div>\n\t\t\t\t\t<\/div>\n\t\t<\/section>\n\t\t\t\t<section class=\"elementor-section elementor-top-section elementor-element elementor-element-9d11d21 elementor-section-boxed elementor-section-height-default elementor-section-height-default\" data-id=\"9d11d21\" data-element_type=\"section\" data-e-type=\"section\">\n\t\t\t\t\t\t<div class=\"elementor-container elementor-column-gap-default\">\n\t\t\t\t\t<div class=\"elementor-column elementor-col-100 elementor-top-column elementor-element elementor-element-286bba8\" data-id=\"286bba8\" data-element_type=\"column\" data-e-type=\"column\">\n\t\t\t<div class=\"elementor-widget-wrap elementor-element-populated\">\n\t\t\t\t\t\t<div class=\"elementor-element elementor-element-07dbc1c elementor-widget elementor-widget-heading\" data-id=\"07dbc1c\" data-element_type=\"widget\" data-e-type=\"widget\" data-widget_type=\"heading.default\">\n\t\t\t\t<div class=\"elementor-widget-container\">\n\t\t\t\t\t<h2 class=\"elementor-heading-title elementor-size-default\">Devenir membre<\/h2>\t\t\t\t<\/div>\n\t\t\t\t<\/div>\n\t\t\t\t<div class=\"elementor-element elementor-element-2c36d72 elementor-widget elementor-widget-shortcode\" data-id=\"2c36d72\" data-element_type=\"widget\" data-e-type=\"widget\" data-widget_type=\"shortcode.default\">\n\t\t\t\t<div class=\"elementor-widget-container\">\n\t\t\t\t\t\t\t<div class=\"elementor-shortcode\">\n\n<div class=\"bsk-pdfm-output-container shortcode-category layout-ul\"><div class=\"bsk-pdfm-category-output cat-14 category-hierarchical-depth-1 pdfs-in-ul\" data-cat-id=\"14\"><ul class=\"bsk-pdfm-pdfs-ul-list bsk-pdfm-without-featured-image bsk-pdfm-without-description bsk-pdfm-with-title\">\n<li class=\"bsk-pdfm-list-item list-item-odd\" data-date=\"2022-03-03-jeu\" data-id=\"42\">\n<a href=\"https:\/\/sgzp.ch\/wp-content\/uploads\/bsk-pdf-manager\/2026\/01\/Flyer-und-Anmeldeformular-Ausgabe-2025.pdf\"  title=\"Flyer und Anmeldeformular, Ausgabe 2025\" class=\"bsk-pdfm-pdf-link-for-title pdf-id-42\"><span class=\"bsk-pdfm-pdf-title-string\">Flyer und Anmeldeformular, Ausgabe 2025<\/span><\/a><\/li>\n<\/ul><!--\/\/bsk-pdfm-category-output cat-14--><\/div><div class=\"bsk-pdfm-category-shortcode-attr\"><input type=\"hidden\" class=\"bsk-pdfm-shortcode-attr\" data-attr_name=\"ul_or_ol\" value=\"ul\" \/><input type=\"hidden\" class=\"bsk-pdfm-shortcode-attr\" data-attr_name=\"id\" value=\"14\" \/><input type=\"hidden\" class=\"bsk-pdfm-shortcode-attr\" data-attr_name=\"cat_order_by\" value=\" C.`title`\" \/><input type=\"hidden\" class=\"bsk-pdfm-shortcode-attr\" data-attr_name=\"cat_order\" value=\" ASC\" \/><input type=\"hidden\" class=\"bsk-pdfm-shortcode-attr\" data-attr_name=\"show_cat_title\" value=\"\" \/><input type=\"hidden\" class=\"bsk-pdfm-shortcode-attr\" data-attr_name=\"order_by\" value=\"date\" \/><input type=\"hidden\" class=\"bsk-pdfm-shortcode-attr\" data-attr_name=\"order\" value=\"ASC\" \/><input type=\"hidden\" class=\"bsk-pdfm-shortcode-attr\" data-attr_name=\"target\" value=\"\" \/><input type=\"hidden\" class=\"bsk-pdfm-shortcode-attr\" data-attr_name=\"most_top\" value=\"0\" \/><input type=\"hidden\" class=\"bsk-pdfm-shortcode-attr\" data-attr_name=\"nofollow_tag\" value=\"no\" \/><input type=\"hidden\" class=\"bsk-pdfm-shortcode-attr\" data-attr_name=\"noopener_tag\" value=\"no\" \/><input type=\"hidden\" class=\"bsk-pdfm-shortcode-attr\" data-attr_name=\"noreferrer_tag\" value=\"no\" \/><input type=\"hidden\" class=\"bsk-pdfm-shortcode-attr\" data-attr_name=\"show_date\" value=\"no\" \/><input type=\"hidden\" class=\"bsk-pdfm-shortcode-attr\" data-attr_name=\"date_before_title\" value=\"no\" \/><input type=\"hidden\" class=\"bsk-pdfm-shortcode-attr\" data-attr_name=\"date_format\" value=\" d\/m\/Y\" \/><input type=\"hidden\" class=\"bsk-pdfm-shortcode-attr\" data-attr_name=\"show_count_desc\" value=\"no\" \/><input type=\"hidden\" class=\"bsk-pdfm-shortcode-attr\" data-attr_name=\"extension_filter\" value=\"no\" \/><input type=\"hidden\" class=\"bsk-pdfm-shortcode-attr\" data-attr_name=\"tags\" value=\"no\" \/><input type=\"hidden\" class=\"bsk-pdfm-shortcode-attr\" data-attr_name=\"tags_specific\" value=\"\" \/><input type=\"hidden\" class=\"bsk-pdfm-shortcode-attr\" data-attr_name=\"tags_default\" value=\"\" \/><input type=\"hidden\" class=\"bsk-pdfm-shortcode-attr\" data-attr_name=\"tags_exclude\" value=\"\" \/><input type=\"hidden\" class=\"bsk-pdfm-shortcode-attr\" data-attr_name=\"tags_align_right\" value=\"no\" \/><input type=\"hidden\" class=\"bsk-pdfm-shortcode-attr\" data-attr_name=\"output_container_class\" value=\"\" \/><input type=\"hidden\" class=\"bsk-pdfm-shortcode-attr\" data-attr_name=\"cat_id\" value=\"14\" \/><input type=\"hidden\" class=\"bsk-pdfm-shortcode-attr\" data-attr_name=\"valid_cat_ids\" value=\"14\" \/><input type=\"hidden\" class=\"bsk-pdfm-category-ajax-nonce\" value=\"8d185c0621\"><\/div><\/div><!-- \/\/bsk-pdfm-output-container --><\/div>\n\t\t\t\t\t\t<\/div>\n\t\t\t\t<\/div>\n\t\t\t\t\t<\/div>\n\t\t<\/div>\n\t\t\t\t\t<\/div>\n\t\t<\/section>\n\t\t\t\t<section class=\"elementor-section elementor-top-section elementor-element elementor-element-450a275 elementor-section-boxed elementor-section-height-default elementor-section-height-default\" data-id=\"450a275\" data-element_type=\"section\" data-e-type=\"section\">\n\t\t\t\t\t\t<div class=\"elementor-container elementor-column-gap-default\">\n\t\t\t\t\t<div class=\"elementor-column elementor-col-100 elementor-top-column elementor-element elementor-element-3dbd9ca\" data-id=\"3dbd9ca\" data-element_type=\"column\" data-e-type=\"column\">\n\t\t\t<div class=\"elementor-widget-wrap elementor-element-populated\">\n\t\t\t\t\t\t<div class=\"elementor-element elementor-element-87309bf elementor-widget elementor-widget-heading\" data-id=\"87309bf\" data-element_type=\"widget\" data-e-type=\"widget\" data-widget_type=\"heading.default\">\n\t\t\t\t<div class=\"elementor-widget-container\">\n\t\t\t\t\t<h2 class=\"elementor-heading-title elementor-size-default\">Formulaires d\u2019inscription pour titulaires de fonctions<\/h2>\t\t\t\t<\/div>\n\t\t\t\t<\/div>\n\t\t\t\t<div class=\"elementor-element elementor-element-0e47257 elementor-widget elementor-widget-text-editor\" data-id=\"0e47257\" data-element_type=\"widget\" data-e-type=\"widget\" data-widget_type=\"text-editor.default\">\n\t\t\t\t<div class=\"elementor-widget-container\">\n\t\t\t\t\t\t\t\t\t<p>Merci d\u2018adresser votre demande au secr\u00e9tariat de l\u2019organisme de certification:<br>SGZP, Richtistrasse 15, 8304 Wallisellen oder per Mail an&nbsp;<a href=\"mailto:office@sgzp.ch\">office(at)sgzp.ch<\/a><\/p>\t\t\t\t\t\t\t\t<\/div>\n\t\t\t\t<\/div>\n\t\t\t\t<div class=\"elementor-element elementor-element-df9eccb elementor-widget elementor-widget-shortcode\" data-id=\"df9eccb\" data-element_type=\"widget\" data-e-type=\"widget\" data-widget_type=\"shortcode.default\">\n\t\t\t\t<div class=\"elementor-widget-container\">\n\t\t\t\t\t\t\t<div class=\"elementor-shortcode\">\n\n<div class=\"bsk-pdfm-output-container shortcode-category layout-ul\"><div class=\"bsk-pdfm-category-output cat-11 category-hierarchical-depth-1 pdfs-in-ul\" data-cat-id=\"11\"><ul class=\"bsk-pdfm-pdfs-ul-list bsk-pdfm-without-featured-image bsk-pdfm-without-description bsk-pdfm-with-title\">\n<li class=\"bsk-pdfm-list-item list-item-odd\" data-date=\"2022-03-09-mer\" data-id=\"68\">\n<a href=\"https:\/\/sgzp.ch\/wp-content\/uploads\/2023\/11\/Mutation-fonctionnaire.docx\"  title=\"Demande de mutation\" class=\"bsk-pdfm-pdf-link-for-title pdf-id-68\"><span class=\"bsk-pdfm-pdf-title-string\">Demande de mutation<\/span><\/a><\/li>\n<li class=\"bsk-pdfm-list-item list-item-even\" data-date=\"2022-03-09-mer\" data-id=\"67\">\n<a href=\"https:\/\/sgzp.ch\/wp-content\/uploads\/2023\/11\/Demande-admission-fonctionnaire-1.docx\"  title=\"Demande d\u2018admission\" class=\"bsk-pdfm-pdf-link-for-title pdf-id-67\"><span class=\"bsk-pdfm-pdf-title-string\">Demande d\u2018admission<\/span><\/a><\/li>\n<li class=\"bsk-pdfm-list-item list-item-odd\" data-date=\"2022-12-16-ven\" data-id=\"95\">\n<a href=\"https:\/\/sgzp.ch\/wp-content\/uploads\/2023\/11\/Feuillet-individuel-fonctionnaire.docx\"  title=\"Feuillet individuell de fonctionnaire\" class=\"bsk-pdfm-pdf-link-for-title pdf-id-95\"><span class=\"bsk-pdfm-pdf-title-string\">Feuillet individuell de fonctionnaire<\/span><\/a><\/li>\n<\/ul><!--\/\/bsk-pdfm-category-output cat-11--><\/div><div class=\"bsk-pdfm-category-shortcode-attr\"><input type=\"hidden\" class=\"bsk-pdfm-shortcode-attr\" data-attr_name=\"ul_or_ol\" value=\"ul\" \/><input type=\"hidden\" class=\"bsk-pdfm-shortcode-attr\" data-attr_name=\"id\" value=\"11\" \/><input type=\"hidden\" class=\"bsk-pdfm-shortcode-attr\" data-attr_name=\"cat_order_by\" value=\" C.`title`\" \/><input type=\"hidden\" class=\"bsk-pdfm-shortcode-attr\" data-attr_name=\"cat_order\" value=\" ASC\" \/><input type=\"hidden\" class=\"bsk-pdfm-shortcode-attr\" data-attr_name=\"show_cat_title\" value=\"\" \/><input type=\"hidden\" class=\"bsk-pdfm-shortcode-attr\" data-attr_name=\"order_by\" value=\"date\" \/><input type=\"hidden\" class=\"bsk-pdfm-shortcode-attr\" data-attr_name=\"order\" value=\"ASC\" \/><input type=\"hidden\" class=\"bsk-pdfm-shortcode-attr\" data-attr_name=\"target\" value=\"\" \/><input type=\"hidden\" class=\"bsk-pdfm-shortcode-attr\" data-attr_name=\"most_top\" value=\"0\" \/><input type=\"hidden\" class=\"bsk-pdfm-shortcode-attr\" data-attr_name=\"nofollow_tag\" value=\"no\" \/><input type=\"hidden\" class=\"bsk-pdfm-shortcode-attr\" data-attr_name=\"noopener_tag\" value=\"no\" \/><input type=\"hidden\" class=\"bsk-pdfm-shortcode-attr\" data-attr_name=\"noreferrer_tag\" value=\"no\" \/><input type=\"hidden\" class=\"bsk-pdfm-shortcode-attr\" data-attr_name=\"show_date\" value=\"no\" \/><input type=\"hidden\" class=\"bsk-pdfm-shortcode-attr\" data-attr_name=\"date_before_title\" value=\"no\" \/><input type=\"hidden\" class=\"bsk-pdfm-shortcode-attr\" data-attr_name=\"date_format\" value=\" d\/m\/Y\" \/><input type=\"hidden\" class=\"bsk-pdfm-shortcode-attr\" data-attr_name=\"show_count_desc\" value=\"no\" \/><input type=\"hidden\" class=\"bsk-pdfm-shortcode-attr\" data-attr_name=\"extension_filter\" value=\"no\" \/><input type=\"hidden\" class=\"bsk-pdfm-shortcode-attr\" data-attr_name=\"tags\" value=\"no\" \/><input type=\"hidden\" class=\"bsk-pdfm-shortcode-attr\" data-attr_name=\"tags_specific\" value=\"\" \/><input type=\"hidden\" class=\"bsk-pdfm-shortcode-attr\" data-attr_name=\"tags_default\" value=\"\" \/><input type=\"hidden\" class=\"bsk-pdfm-shortcode-attr\" data-attr_name=\"tags_exclude\" value=\"\" \/><input type=\"hidden\" class=\"bsk-pdfm-shortcode-attr\" data-attr_name=\"tags_align_right\" value=\"no\" \/><input type=\"hidden\" class=\"bsk-pdfm-shortcode-attr\" data-attr_name=\"output_container_class\" value=\"\" \/><input type=\"hidden\" class=\"bsk-pdfm-shortcode-attr\" data-attr_name=\"cat_id\" value=\"11\" \/><input type=\"hidden\" class=\"bsk-pdfm-shortcode-attr\" data-attr_name=\"valid_cat_ids\" value=\"11\" \/><input type=\"hidden\" class=\"bsk-pdfm-category-ajax-nonce\" value=\"8d185c0621\"><\/div><\/div><!-- \/\/bsk-pdfm-output-container --><\/div>\n\t\t\t\t\t\t<\/div>\n\t\t\t\t<\/div>\n\t\t\t\t\t<\/div>\n\t\t<\/div>\n\t\t\t\t\t<\/div>\n\t\t<\/section>\n\t\t\t\t<\/div>","protected":false},"excerpt":{"rendered":"<p>SGZP Mitgliederkategorien Die Schweizerische Gesellschaft f\u00fcr zerst\u00f6rungsfreie Pr\u00fcfung kennt im Wesentlichen zwei Arten von Mitgliedern: Einzelmitglieder; Kollektivmitglieder. Als Einzelmitglieder k\u00f6nnen Einzelpersonen, als Kollektivmitglieder Firmen, \u00c4mter, Beh\u00f6rden oder andere Fachvereine aufgenommen werden. Vorteile einer Mitgliedschaft Die Vorteile einer Mitgliedschaft sind: Orientierung \u00fcber die laufende Fortentwicklung der Technik mittels Diskussionsabenden, Fachtagungen und der Mitgliederzeitschrift (ZfP-Zeitung); Kontakt mit [&hellip;]<\/p>\n","protected":false},"author":2,"featured_media":0,"parent":0,"menu_order":0,"comment_status":"closed","ping_status":"closed","template":"","meta":{"site-sidebar-layout":"no-sidebar","site-content-layout":"page-builder","ast-site-content-layout":"default","site-content-style":"default","site-sidebar-style":"default","ast-global-header-display":"","ast-banner-title-visibility":"","ast-main-header-display":"","ast-hfb-above-header-display":"","ast-hfb-below-header-display":"","ast-hfb-mobile-header-display":"","site-post-title":"disabled","ast-breadcrumbs-content":"","ast-featured-img":"disabled","footer-sml-layout":"","ast-disable-related-posts":"","theme-transparent-header-meta":"","adv-header-id-meta":"","stick-header-meta":"","header-above-stick-meta":"","header-main-stick-meta":"","header-below-stick-meta":"","astra-migrate-meta-layouts":"default","ast-page-background-enabled":"default","ast-page-background-meta":{"desktop":{"background-color":"","background-image":"","background-repeat":"repeat","background-position":"center center","background-size":"auto","background-attachment":"scroll","background-type":"","background-media":"","overlay-type":"","overlay-color":"","overlay-opacity":"","overlay-gradient":""},"tablet":{"background-color":"","background-image":"","background-repeat":"repeat","background-position":"center center","background-size":"auto","background-attachment":"scroll","background-type":"","background-media":"","overlay-type":"","overlay-color":"","overlay-opacity":"","overlay-gradient":""},"mobile":{"background-color":"","background-image":"","background-repeat":"repeat","background-position":"center center","background-size":"auto","background-attachment":"scroll","background-type":"","background-media":"","overlay-type":"","overlay-color":"","overlay-opacity":"","overlay-gradient":""}},"ast-content-background-meta":{"desktop":{"background-color":"var(--ast-global-color-5)","background-image":"","background-repeat":"repeat","background-position":"center center","background-size":"auto","background-attachment":"scroll","background-type":"","background-media":"","overlay-type":"","overlay-color":"","overlay-opacity":"","overlay-gradient":""},"tablet":{"background-color":"var(--ast-global-color-5)","background-image":"","background-repeat":"repeat","background-position":"center center","background-size":"auto","background-attachment":"scroll","background-type":"","background-media":"","overlay-type":"","overlay-color":"","overlay-opacity":"","overlay-gradient":""},"mobile":{"background-color":"var(--ast-global-color-5)","background-image":"","background-repeat":"repeat","background-position":"center center","background-size":"auto","background-attachment":"scroll","background-type":"","background-media":"","overlay-type":"","overlay-color":"","overlay-opacity":"","overlay-gradient":""}},"footnotes":""},"class_list":["post-1639","page","type-page","status-publish","hentry"],"_links":{"self":[{"href":"https:\/\/sgzp.ch\/fr\/wp-json\/wp\/v2\/pages\/1639","targetHints":{"allow":["GET"]}}],"collection":[{"href":"https:\/\/sgzp.ch\/fr\/wp-json\/wp\/v2\/pages"}],"about":[{"href":"https:\/\/sgzp.ch\/fr\/wp-json\/wp\/v2\/types\/page"}],"author":[{"embeddable":true,"href":"https:\/\/sgzp.ch\/fr\/wp-json\/wp\/v2\/users\/2"}],"replies":[{"embeddable":true,"href":"https:\/\/sgzp.ch\/fr\/wp-json\/wp\/v2\/comments?post=1639"}],"version-history":[{"count":42,"href":"https:\/\/sgzp.ch\/fr\/wp-json\/wp\/v2\/pages\/1639\/revisions"}],"predecessor-version":[{"id":2810,"href":"https:\/\/sgzp.ch\/fr\/wp-json\/wp\/v2\/pages\/1639\/revisions\/2810"}],"wp:attachment":[{"href":"https:\/\/sgzp.ch\/fr\/wp-json\/wp\/v2\/media?parent=1639"}],"curies":[{"name":"wp","href":"https:\/\/api.w.org\/{rel}","templated":true}]}}