{"id":2030,"date":"2022-03-03T22:55:36","date_gmt":"2022-03-03T21:55:36","guid":{"rendered":"https:\/\/env-7824846.jcloud.ik-server.com\/?page_id=2030"},"modified":"2022-03-03T22:57:20","modified_gmt":"2022-03-03T21:57:20","slug":"funktionaersschulung","status":"publish","type":"page","link":"https:\/\/sgzp.ch\/en\/funktionaersschulung\/","title":{"rendered":"Funktion\u00e4rsschulung"},"content":{"rendered":"<div data-elementor-type=\"wp-page\" data-elementor-id=\"2030\" class=\"elementor elementor-2030\" data-elementor-post-type=\"page\">\n\t\t\t\t\t\t<section class=\"elementor-section elementor-top-section elementor-element elementor-element-6443524f elementor-section-boxed elementor-section-height-default elementor-section-height-default\" data-id=\"6443524f\" data-element_type=\"section\" data-e-type=\"section\">\n\t\t\t\t\t\t<div class=\"elementor-container elementor-column-gap-default\">\n\t\t\t\t\t<div class=\"elementor-column elementor-col-100 elementor-top-column elementor-element elementor-element-500bb4c0\" data-id=\"500bb4c0\" data-element_type=\"column\" data-e-type=\"column\">\n\t\t\t<div class=\"elementor-widget-wrap elementor-element-populated\">\n\t\t\t\t\t\t<div class=\"elementor-element elementor-element-1a8ade80 elementor-widget elementor-widget-heading\" data-id=\"1a8ade80\" data-element_type=\"widget\" data-e-type=\"widget\" data-widget_type=\"heading.default\">\n\t\t\t\t<div class=\"elementor-widget-container\">\n\t\t\t\t\t<h1 class=\"elementor-heading-title elementor-size-default\">Funktion\u00e4rsschulung<\/h1>\t\t\t\t<\/div>\n\t\t\t\t<\/div>\n\t\t\t\t\t<\/div>\n\t\t<\/div>\n\t\t\t\t\t<\/div>\n\t\t<\/section>\n\t\t\t\t<section class=\"elementor-section elementor-top-section elementor-element elementor-element-25373e99 elementor-section-boxed elementor-section-height-default elementor-section-height-default\" data-id=\"25373e99\" data-element_type=\"section\" data-e-type=\"section\">\n\t\t\t\t\t\t<div class=\"elementor-container elementor-column-gap-default\">\n\t\t\t\t\t<div class=\"elementor-column elementor-col-100 elementor-top-column elementor-element elementor-element-7ba769ff\" data-id=\"7ba769ff\" data-element_type=\"column\" data-e-type=\"column\">\n\t\t\t<div class=\"elementor-widget-wrap elementor-element-populated\">\n\t\t\t\t\t\t<div class=\"elementor-element elementor-element-7f83f999 elementor-widget elementor-widget-heading\" data-id=\"7f83f999\" data-element_type=\"widget\" data-e-type=\"widget\" data-widget_type=\"heading.default\">\n\t\t\t\t<div class=\"elementor-widget-container\">\n\t\t\t\t\t<h2 class=\"elementor-heading-title elementor-size-default\">Ziel<\/h2>\t\t\t\t<\/div>\n\t\t\t\t<\/div>\n\t\t\t\t<div class=\"elementor-element elementor-element-649138d5 elementor-widget elementor-widget-text-editor\" data-id=\"649138d5\" data-element_type=\"widget\" data-e-type=\"widget\" data-widget_type=\"text-editor.default\">\n\t\t\t\t<div class=\"elementor-widget-container\">\n\t\t\t\t\t\t\t\t\t<p>Funktion\u00e4re im Zertifizierungprozess sollen regelm\u00e4ssig geschult werden.<\/p>\t\t\t\t\t\t\t\t<\/div>\n\t\t\t\t<\/div>\n\t\t\t\t\t<\/div>\n\t\t<\/div>\n\t\t\t\t\t<\/div>\n\t\t<\/section>\n\t\t\t\t<section class=\"elementor-section elementor-top-section elementor-element elementor-element-af27042 elementor-section-boxed elementor-section-height-default elementor-section-height-default\" data-id=\"af27042\" data-element_type=\"section\" data-e-type=\"section\">\n\t\t\t\t\t\t<div class=\"elementor-container elementor-column-gap-default\">\n\t\t\t\t\t<div class=\"elementor-column elementor-col-100 elementor-top-column elementor-element elementor-element-56b5686\" data-id=\"56b5686\" data-element_type=\"column\" data-e-type=\"column\">\n\t\t\t<div class=\"elementor-widget-wrap elementor-element-populated\">\n\t\t\t\t\t\t<div class=\"elementor-element elementor-element-eb6b022 elementor-widget elementor-widget-heading\" data-id=\"eb6b022\" data-element_type=\"widget\" data-e-type=\"widget\" data-widget_type=\"heading.default\">\n\t\t\t\t<div class=\"elementor-widget-container\">\n\t\t\t\t\t<h2 class=\"elementor-heading-title elementor-size-default\">Unterlagen Funktion\u00e4rsschulung 2021<\/h2>\t\t\t\t<\/div>\n\t\t\t\t<\/div>\n\t\t\t\t<div class=\"elementor-element elementor-element-77c97b9 elementor-widget elementor-widget-text-editor\" data-id=\"77c97b9\" data-element_type=\"widget\" data-e-type=\"widget\" data-widget_type=\"text-editor.default\">\n\t\t\t\t<div class=\"elementor-widget-container\">\n\t\t\t\t\t\t\t\t\t<p>Die Funktion\u00e4rsschulung 2021 erfolgte \u00fcber Zoom.<\/p>\t\t\t\t\t\t\t\t<\/div>\n\t\t\t\t<\/div>\n\t\t\t\t<div class=\"elementor-element elementor-element-447ebe1 elementor-widget elementor-widget-shortcode\" data-id=\"447ebe1\" data-element_type=\"widget\" data-e-type=\"widget\" data-widget_type=\"shortcode.default\">\n\t\t\t\t<div class=\"elementor-widget-container\">\n\t\t\t\t\t\t\t<div class=\"elementor-shortcode\">\n\n<div class=\"bsk-pdfm-output-container shortcode-category layout-ul\"><div class=\"bsk-pdfm-category-output cat-17 category-hierarchical-depth-1 pdfs-in-ul\" data-cat-id=\"17\"><ul class=\"bsk-pdfm-pdfs-ul-list bsk-pdfm-without-featured-image bsk-pdfm-without-description bsk-pdfm-with-title\">\n<li class=\"bsk-pdfm-list-item list-item-odd\" data-date=\"2022-03-03-Thu\" data-id=\"55\">\n<a href=\"https:\/\/sgzp.ch\/wp-content\/uploads\/bsk-pdf-manager\/2022\/03\/02_FunktionarsanlassSGZP_MV_2021_Klieber.pdf\"  title=\"Unterlagen 2021\" class=\"bsk-pdfm-pdf-link-for-title pdf-id-55\"><span class=\"bsk-pdfm-pdf-title-string\">Unterlagen 2021<\/span><\/a><\/li>\n<\/ul><!--\/\/bsk-pdfm-category-output cat-17--><\/div><div class=\"bsk-pdfm-category-shortcode-attr\"><input type=\"hidden\" class=\"bsk-pdfm-shortcode-attr\" data-attr_name=\"ul_or_ol\" value=\"ul\" \/><input type=\"hidden\" class=\"bsk-pdfm-shortcode-attr\" data-attr_name=\"id\" value=\"17\" \/><input type=\"hidden\" class=\"bsk-pdfm-shortcode-attr\" data-attr_name=\"cat_order_by\" value=\" C.`title`\" \/><input type=\"hidden\" class=\"bsk-pdfm-shortcode-attr\" data-attr_name=\"cat_order\" value=\" ASC\" \/><input type=\"hidden\" class=\"bsk-pdfm-shortcode-attr\" data-attr_name=\"show_cat_title\" value=\"\" \/><input type=\"hidden\" class=\"bsk-pdfm-shortcode-attr\" data-attr_name=\"order_by\" value=\"date\" \/><input type=\"hidden\" class=\"bsk-pdfm-shortcode-attr\" data-attr_name=\"order\" value=\"ASC\" \/><input type=\"hidden\" class=\"bsk-pdfm-shortcode-attr\" data-attr_name=\"target\" value=\"\" \/><input type=\"hidden\" class=\"bsk-pdfm-shortcode-attr\" data-attr_name=\"most_top\" value=\"0\" \/><input type=\"hidden\" class=\"bsk-pdfm-shortcode-attr\" data-attr_name=\"nofollow_tag\" value=\"no\" \/><input type=\"hidden\" class=\"bsk-pdfm-shortcode-attr\" data-attr_name=\"noopener_tag\" value=\"no\" \/><input type=\"hidden\" class=\"bsk-pdfm-shortcode-attr\" data-attr_name=\"noreferrer_tag\" value=\"no\" \/><input type=\"hidden\" class=\"bsk-pdfm-shortcode-attr\" data-attr_name=\"show_date\" value=\"no\" \/><input type=\"hidden\" class=\"bsk-pdfm-shortcode-attr\" data-attr_name=\"date_before_title\" value=\"no\" \/><input type=\"hidden\" class=\"bsk-pdfm-shortcode-attr\" data-attr_name=\"date_format\" value=\" d\/m\/Y\" \/><input type=\"hidden\" class=\"bsk-pdfm-shortcode-attr\" data-attr_name=\"show_count_desc\" value=\"no\" \/><input type=\"hidden\" class=\"bsk-pdfm-shortcode-attr\" data-attr_name=\"extension_filter\" value=\"no\" \/><input type=\"hidden\" class=\"bsk-pdfm-shortcode-attr\" data-attr_name=\"tags\" value=\"no\" \/><input type=\"hidden\" class=\"bsk-pdfm-shortcode-attr\" data-attr_name=\"tags_specific\" value=\"\" \/><input type=\"hidden\" class=\"bsk-pdfm-shortcode-attr\" data-attr_name=\"tags_default\" value=\"\" \/><input type=\"hidden\" class=\"bsk-pdfm-shortcode-attr\" data-attr_name=\"tags_exclude\" value=\"\" \/><input type=\"hidden\" class=\"bsk-pdfm-shortcode-attr\" data-attr_name=\"tags_align_right\" value=\"no\" \/><input type=\"hidden\" class=\"bsk-pdfm-shortcode-attr\" data-attr_name=\"output_container_class\" value=\"\" \/><input type=\"hidden\" class=\"bsk-pdfm-shortcode-attr\" data-attr_name=\"cat_id\" value=\"17\" \/><input type=\"hidden\" class=\"bsk-pdfm-shortcode-attr\" data-attr_name=\"valid_cat_ids\" value=\"17\" \/><input type=\"hidden\" class=\"bsk-pdfm-category-ajax-nonce\" value=\"1fa2babdd8\"><\/div><\/div><!-- \/\/bsk-pdfm-output-container --><\/div>\n\t\t\t\t\t\t<\/div>\n\t\t\t\t<\/div>\n\t\t\t\t\t<\/div>\n\t\t<\/div>\n\t\t\t\t\t<\/div>\n\t\t<\/section>\n\t\t\t\t<\/div>","protected":false},"excerpt":{"rendered":"<p>Funktion\u00e4rsschulung Ziel Funktion\u00e4re im Zertifizierungprozess sollen regelm\u00e4ssig geschult werden. Unterlagen Funktion\u00e4rsschulung 2021 Die Funktion\u00e4rsschulung 2021 erfolgte \u00fcber Zoom.<\/p>","protected":false},"author":2,"featured_media":0,"parent":0,"menu_order":0,"comment_status":"closed","ping_status":"closed","template":"","meta":{"site-sidebar-layout":"no-sidebar","site-content-layout":"page-builder","ast-site-content-layout":"default","site-content-style":"default","site-sidebar-style":"default","ast-global-header-display":"","ast-banner-title-visibility":"","ast-main-header-display":"","ast-hfb-above-header-display":"","ast-hfb-below-header-display":"","ast-hfb-mobile-header-display":"","site-post-title":"disabled","ast-breadcrumbs-content":"","ast-featured-img":"disabled","footer-sml-layout":"","ast-disable-related-posts":"","theme-transparent-header-meta":"","adv-header-id-meta":"","stick-header-meta":"","header-above-stick-meta":"","header-main-stick-meta":"","header-below-stick-meta":"","astra-migrate-meta-layouts":"default","ast-page-background-enabled":"default","ast-page-background-meta":{"desktop":{"background-color":"","background-image":"","background-repeat":"repeat","background-position":"center center","background-size":"auto","background-attachment":"scroll","background-type":"","background-media":"","overlay-type":"","overlay-color":"","overlay-opacity":"","overlay-gradient":""},"tablet":{"background-color":"","background-image":"","background-repeat":"repeat","background-position":"center center","background-size":"auto","background-attachment":"scroll","background-type":"","background-media":"","overlay-type":"","overlay-color":"","overlay-opacity":"","overlay-gradient":""},"mobile":{"background-color":"","background-image":"","background-repeat":"repeat","background-position":"center center","background-size":"auto","background-attachment":"scroll","background-type":"","background-media":"","overlay-type":"","overlay-color":"","overlay-opacity":"","overlay-gradient":""}},"ast-content-background-meta":{"desktop":{"background-color":"var(--ast-global-color-5)","background-image":"","background-repeat":"repeat","background-position":"center center","background-size":"auto","background-attachment":"scroll","background-type":"","background-media":"","overlay-type":"","overlay-color":"","overlay-opacity":"","overlay-gradient":""},"tablet":{"background-color":"var(--ast-global-color-5)","background-image":"","background-repeat":"repeat","background-position":"center center","background-size":"auto","background-attachment":"scroll","background-type":"","background-media":"","overlay-type":"","overlay-color":"","overlay-opacity":"","overlay-gradient":""},"mobile":{"background-color":"var(--ast-global-color-5)","background-image":"","background-repeat":"repeat","background-position":"center center","background-size":"auto","background-attachment":"scroll","background-type":"","background-media":"","overlay-type":"","overlay-color":"","overlay-opacity":"","overlay-gradient":""}},"footnotes":""},"class_list":["post-2030","page","type-page","status-publish","hentry"],"_links":{"self":[{"href":"https:\/\/sgzp.ch\/en\/wp-json\/wp\/v2\/pages\/2030","targetHints":{"allow":["GET"]}}],"collection":[{"href":"https:\/\/sgzp.ch\/en\/wp-json\/wp\/v2\/pages"}],"about":[{"href":"https:\/\/sgzp.ch\/en\/wp-json\/wp\/v2\/types\/page"}],"author":[{"embeddable":true,"href":"https:\/\/sgzp.ch\/en\/wp-json\/wp\/v2\/users\/2"}],"replies":[{"embeddable":true,"href":"https:\/\/sgzp.ch\/en\/wp-json\/wp\/v2\/comments?post=2030"}],"version-history":[{"count":7,"href":"https:\/\/sgzp.ch\/en\/wp-json\/wp\/v2\/pages\/2030\/revisions"}],"predecessor-version":[{"id":2037,"href":"https:\/\/sgzp.ch\/en\/wp-json\/wp\/v2\/pages\/2030\/revisions\/2037"}],"wp:attachment":[{"href":"https:\/\/sgzp.ch\/en\/wp-json\/wp\/v2\/media?parent=2030"}],"curies":[{"name":"wp","href":"https:\/\/api.w.org\/{rel}","templated":true}]}}