{"id":2009,"date":"2022-03-03T22:45:23","date_gmt":"2022-03-03T21:45:23","guid":{"rendered":"https:\/\/env-7824846.jcloud.ik-server.com\/?page_id=2009"},"modified":"2026-04-29T10:52:36","modified_gmt":"2026-04-29T08:52:36","slug":"diskussionsabende","status":"publish","type":"page","link":"https:\/\/sgzp.ch\/en\/diskussionsabende\/","title":{"rendered":"Diskussionsabende"},"content":{"rendered":"<div data-elementor-type=\"wp-page\" data-elementor-id=\"2009\" class=\"elementor elementor-2009\" data-elementor-post-type=\"page\">\n\t\t\t\t\t\t<section class=\"elementor-section elementor-top-section elementor-element elementor-element-15ed9360 elementor-section-boxed elementor-section-height-default elementor-section-height-default\" data-id=\"15ed9360\" data-element_type=\"section\" data-e-type=\"section\">\n\t\t\t\t\t\t<div class=\"elementor-container elementor-column-gap-default\">\n\t\t\t\t\t<div class=\"elementor-column elementor-col-100 elementor-top-column elementor-element elementor-element-6aedb44f\" data-id=\"6aedb44f\" data-element_type=\"column\" data-e-type=\"column\">\n\t\t\t<div class=\"elementor-widget-wrap elementor-element-populated\">\n\t\t\t\t\t\t<div class=\"elementor-element elementor-element-163a3c02 elementor-widget elementor-widget-heading\" data-id=\"163a3c02\" data-element_type=\"widget\" data-e-type=\"widget\" data-widget_type=\"heading.default\">\n\t\t\t\t<div class=\"elementor-widget-container\">\n\t\t\t\t\t<h1 class=\"elementor-heading-title elementor-size-default\">Diskussionsabende <\/h1>\t\t\t\t<\/div>\n\t\t\t\t<\/div>\n\t\t\t\t<div class=\"elementor-element elementor-element-8a0cae3 elementor-widget elementor-widget-text-editor\" data-id=\"8a0cae3\" data-element_type=\"widget\" data-e-type=\"widget\" data-widget_type=\"text-editor.default\">\n\t\t\t\t<div class=\"elementor-widget-container\">\n\t\t\t\t\t\t\t\t\t<p>Im Winterhalbjahr finden jeweils verschiedene Diskussionsabende zu aktuellen Themen der ZfP statt.<\/p>\t\t\t\t\t\t\t\t<\/div>\n\t\t\t\t<\/div>\n\t\t\t\t\t<\/div>\n\t\t<\/div>\n\t\t\t\t\t<\/div>\n\t\t<\/section>\n\t\t\t\t<section class=\"elementor-section elementor-top-section elementor-element elementor-element-7bbaf44f elementor-section-boxed elementor-section-height-default elementor-section-height-default\" data-id=\"7bbaf44f\" data-element_type=\"section\" data-e-type=\"section\">\n\t\t\t\t\t\t<div class=\"elementor-container elementor-column-gap-default\">\n\t\t\t\t\t<div class=\"elementor-column elementor-col-100 elementor-top-column elementor-element elementor-element-7b499542\" data-id=\"7b499542\" data-element_type=\"column\" data-e-type=\"column\">\n\t\t\t<div class=\"elementor-widget-wrap elementor-element-populated\">\n\t\t\t\t\t\t<div class=\"elementor-element elementor-element-6d0ccc81 elementor-widget elementor-widget-heading\" data-id=\"6d0ccc81\" data-element_type=\"widget\" data-e-type=\"widget\" data-widget_type=\"heading.default\">\n\t\t\t\t<div class=\"elementor-widget-container\">\n\t\t\t\t\t<h2 class=\"elementor-heading-title elementor-size-default\">Verantwortlich <\/h2>\t\t\t\t<\/div>\n\t\t\t\t<\/div>\n\t\t\t\t<div class=\"elementor-element elementor-element-2982174 elementor-widget elementor-widget-text-editor\" data-id=\"2982174\" data-element_type=\"widget\" data-e-type=\"widget\" data-widget_type=\"text-editor.default\">\n\t\t\t\t<div class=\"elementor-widget-container\">\n\t\t\t\t\t\t\t\t\t<p>Anja K\u00f6nig <br \/>Schweiz. Verein f\u00fcr Schweisstechnik<br \/>St. Alban-Rheinweg 222, 4052 Basel<br \/>061 317 84 39<br \/>anja.koenig(at)svs.ch<\/p>\t\t\t\t\t\t\t\t<\/div>\n\t\t\t\t<\/div>\n\t\t\t\t\t<\/div>\n\t\t<\/div>\n\t\t\t\t\t<\/div>\n\t\t<\/section>\n\t\t\t\t<section class=\"elementor-section elementor-top-section elementor-element elementor-element-a8e00cf elementor-section-boxed elementor-section-height-default elementor-section-height-default\" data-id=\"a8e00cf\" data-element_type=\"section\" data-e-type=\"section\">\n\t\t\t\t\t\t<div class=\"elementor-container elementor-column-gap-default\">\n\t\t\t\t\t<div class=\"elementor-column elementor-col-100 elementor-top-column elementor-element elementor-element-529eea0\" data-id=\"529eea0\" data-element_type=\"column\" data-e-type=\"column\">\n\t\t\t<div class=\"elementor-widget-wrap elementor-element-populated\">\n\t\t\t\t\t\t<div class=\"elementor-element elementor-element-fa988c0 elementor-widget elementor-widget-heading\" data-id=\"fa988c0\" data-element_type=\"widget\" data-e-type=\"widget\" data-widget_type=\"heading.default\">\n\t\t\t\t<div class=\"elementor-widget-container\">\n\t\t\t\t\t<h2 class=\"elementor-heading-title elementor-size-default\">Fr\u00fchling bis Herbst 2026<\/h2>\t\t\t\t<\/div>\n\t\t\t\t<\/div>\n\t\t\t\t<div class=\"elementor-element elementor-element-b8c7ea2 elementor-widget elementor-widget-text-editor\" data-id=\"b8c7ea2\" data-element_type=\"widget\" data-e-type=\"widget\" data-widget_type=\"text-editor.default\">\n\t\t\t\t<div class=\"elementor-widget-container\">\n\t\t\t\t\t\t\t\t\t<p><\/p>\n<table width=\"1160\">\n<tbody>\n<tr>\n<td width=\"125\">\n<p><strong>Monat<\/strong><\/p>\n<\/td>\n<td width=\"125\">\n<p><strong>Datum \/ Uhrzeit<\/strong><\/p>\n<\/td>\n<td width=\"155\">\n<p><strong>Referent<\/strong><\/p>\n<\/td>\n<td width=\"95\">\n<p><strong>Ort<\/strong><\/p>\n<\/td>\n<td width=\"125\">\n<p><strong>Thema<\/strong><\/p>\n<\/td>\n<\/tr>\n<tr>\n<td width=\"125\">&nbsp;Mai 2026&nbsp;<\/td>\n<td width=\"125\">&nbsp;07.05.2026\/ 17:30<\/td>\n<td width=\"155\">&nbsp;Dr. Wolfram Deutsch<\/td>\n<td width=\"95\">&nbsp;SVTI<br>Richtistrasse 17<br>8304 Wallisellen<\/td>\n<td width=\"125\"><span style=\"color: #000000; font-family: Arial, sans-serif; font-size: 14.6667px;\">Pr\u00fcfl\u00f6sungen f\u00fcr die Verfahren UT, MT und PT<br><a href=\"https:\/\/sgzp.ch\/wp-content\/uploads\/2026\/04\/E-I-N-L-A-D-U-N-G-ZUM-SGZP-07-05-2026.pdf\" target=\"_blank\" rel=\"noopener\">Einladung<\/a><\/span><\/td>\n<\/tr>\n<tr>\n<td width=\"125\">\n<p>Juni 2026<\/p>\n<\/td>\n<td width=\"125\">\n<p>11.06.2026 \/ 17:30<\/p>\n<\/td>\n<td width=\"155\">\n<p>Dr. Daniel Algernon<\/p>\n<\/td>\n<td width=\"95\">\n<p>SVTI<br>Richtistrasse 17<br>8304 Wallisellen<\/p>\n<\/td>\n<td width=\"125\">\n<p><span lang=\"DE\" style=\"font-size: 11pt; line-height: 115%; font-family: Arial, sans-serif; color: black;\">T\u00e4tigkeitsschwerpunkte der SGZP-Arbeitsgruppe ZfP 4.0<\/span><\/p>\n<\/td>\n<\/tr>\n<tr>\n<td width=\"125\">\n<p>September 2026<\/p>\n<\/td>\n<td width=\"125\">tbd<\/td>\n<td width=\"155\">Marco Ipolvi<\/td>\n<td width=\"95\">tbd<\/td>\n<td width=\"125\">Spektralanalyse<\/td>\n<\/tr>\n<\/tbody>\n<\/table>\n<p><br><\/p>\t\t\t\t\t\t\t\t<\/div>\n\t\t\t\t<\/div>\n\t\t\t\t\t<\/div>\n\t\t<\/div>\n\t\t\t\t\t<\/div>\n\t\t<\/section>\n\t\t\t\t<\/div>","protected":false},"excerpt":{"rendered":"<p>Diskussionsabende Im Winterhalbjahr finden jeweils verschiedene Diskussionsabende zu aktuellen Themen der ZfP statt. Verantwortlich Anja K\u00f6nig Schweiz. Verein f\u00fcr SchweisstechnikSt. Alban-Rheinweg 222, 4052 Basel061 317 84 39anja.koenig(at)svs.ch Fr\u00fchling bis Herbst 2026 Monat Datum \/ Uhrzeit Referent Ort Thema &nbsp;Mai 2026&nbsp; &nbsp;07.05.2026\/ 17:30 &nbsp;Dr. Wolfram Deutsch &nbsp;SVTIRichtistrasse 178304 Wallisellen Pr\u00fcfl\u00f6sungen f\u00fcr die Verfahren UT, MT und [&hellip;]<\/p>\n","protected":false},"author":2,"featured_media":0,"parent":0,"menu_order":0,"comment_status":"closed","ping_status":"closed","template":"","meta":{"site-sidebar-layout":"no-sidebar","site-content-layout":"page-builder","ast-site-content-layout":"default","site-content-style":"default","site-sidebar-style":"default","ast-global-header-display":"","ast-banner-title-visibility":"","ast-main-header-display":"","ast-hfb-above-header-display":"","ast-hfb-below-header-display":"","ast-hfb-mobile-header-display":"","site-post-title":"disabled","ast-breadcrumbs-content":"","ast-featured-img":"disabled","footer-sml-layout":"","ast-disable-related-posts":"","theme-transparent-header-meta":"","adv-header-id-meta":"","stick-header-meta":"","header-above-stick-meta":"","header-main-stick-meta":"","header-below-stick-meta":"","astra-migrate-meta-layouts":"default","ast-page-background-enabled":"default","ast-page-background-meta":{"desktop":{"background-color":"","background-image":"","background-repeat":"repeat","background-position":"center center","background-size":"auto","background-attachment":"scroll","background-type":"","background-media":"","overlay-type":"","overlay-color":"","overlay-opacity":"","overlay-gradient":""},"tablet":{"background-color":"","background-image":"","background-repeat":"repeat","background-position":"center center","background-size":"auto","background-attachment":"scroll","background-type":"","background-media":"","overlay-type":"","overlay-color":"","overlay-opacity":"","overlay-gradient":""},"mobile":{"background-color":"","background-image":"","background-repeat":"repeat","background-position":"center center","background-size":"auto","background-attachment":"scroll","background-type":"","background-media":"","overlay-type":"","overlay-color":"","overlay-opacity":"","overlay-gradient":""}},"ast-content-background-meta":{"desktop":{"background-color":"var(--ast-global-color-5)","background-image":"","background-repeat":"repeat","background-position":"center center","background-size":"auto","background-attachment":"scroll","background-type":"","background-media":"","overlay-type":"","overlay-color":"","overlay-opacity":"","overlay-gradient":""},"tablet":{"background-color":"var(--ast-global-color-5)","background-image":"","background-repeat":"repeat","background-position":"center center","background-size":"auto","background-attachment":"scroll","background-type":"","background-media":"","overlay-type":"","overlay-color":"","overlay-opacity":"","overlay-gradient":""},"mobile":{"background-color":"var(--ast-global-color-5)","background-image":"","background-repeat":"repeat","background-position":"center center","background-size":"auto","background-attachment":"scroll","background-type":"","background-media":"","overlay-type":"","overlay-color":"","overlay-opacity":"","overlay-gradient":""}},"footnotes":""},"class_list":["post-2009","page","type-page","status-publish","hentry"],"_links":{"self":[{"href":"https:\/\/sgzp.ch\/en\/wp-json\/wp\/v2\/pages\/2009","targetHints":{"allow":["GET"]}}],"collection":[{"href":"https:\/\/sgzp.ch\/en\/wp-json\/wp\/v2\/pages"}],"about":[{"href":"https:\/\/sgzp.ch\/en\/wp-json\/wp\/v2\/types\/page"}],"author":[{"embeddable":true,"href":"https:\/\/sgzp.ch\/en\/wp-json\/wp\/v2\/users\/2"}],"replies":[{"embeddable":true,"href":"https:\/\/sgzp.ch\/en\/wp-json\/wp\/v2\/comments?post=2009"}],"version-history":[{"count":115,"href":"https:\/\/sgzp.ch\/en\/wp-json\/wp\/v2\/pages\/2009\/revisions"}],"predecessor-version":[{"id":2989,"href":"https:\/\/sgzp.ch\/en\/wp-json\/wp\/v2\/pages\/2009\/revisions\/2989"}],"wp:attachment":[{"href":"https:\/\/sgzp.ch\/en\/wp-json\/wp\/v2\/media?parent=2009"}],"curies":[{"name":"wp","href":"https:\/\/api.w.org\/{rel}","templated":true}]}}