{"id":1835,"date":"2022-02-23T22:45:40","date_gmt":"2022-02-23T21:45:40","guid":{"rendered":"https:\/\/env-7824846.jcloud.ik-server.com\/?page_id=1835"},"modified":"2022-10-07T15:30:43","modified_gmt":"2022-10-07T13:30:43","slug":"zertifizierung-iso-9712","status":"publish","type":"page","link":"https:\/\/sgzp.ch\/en\/zertifizierung-iso-9712\/","title":{"rendered":"Zertifizierung ISO 9712"},"content":{"rendered":"<div data-elementor-type=\"wp-page\" data-elementor-id=\"1835\" class=\"elementor elementor-1835\" data-elementor-post-type=\"page\">\n\t\t\t\t\t\t<section class=\"elementor-section elementor-top-section elementor-element elementor-element-20934035 elementor-section-boxed elementor-section-height-default elementor-section-height-default\" data-id=\"20934035\" data-element_type=\"section\" data-e-type=\"section\">\n\t\t\t\t\t\t<div class=\"elementor-container elementor-column-gap-default\">\n\t\t\t\t\t<div class=\"elementor-column elementor-col-100 elementor-top-column elementor-element elementor-element-1119f363\" data-id=\"1119f363\" data-element_type=\"column\" data-e-type=\"column\">\n\t\t\t<div class=\"elementor-widget-wrap elementor-element-populated\">\n\t\t\t\t\t\t<div class=\"elementor-element elementor-element-1e682124 elementor-widget elementor-widget-heading\" data-id=\"1e682124\" data-element_type=\"widget\" data-e-type=\"widget\" data-widget_type=\"heading.default\">\n\t\t\t\t<div class=\"elementor-widget-container\">\n\t\t\t\t\t<h1 class=\"elementor-heading-title elementor-size-default\">Zertifizierung SN EN ISO 9712 <\/h1>\t\t\t\t<\/div>\n\t\t\t\t<\/div>\n\t\t\t\t\t<\/div>\n\t\t<\/div>\n\t\t\t\t\t<\/div>\n\t\t<\/section>\n\t\t\t\t<section class=\"elementor-section elementor-top-section elementor-element elementor-element-6d5cf8c3 elementor-section-boxed elementor-section-height-default elementor-section-height-default\" data-id=\"6d5cf8c3\" data-element_type=\"section\" data-e-type=\"section\">\n\t\t\t\t\t\t<div class=\"elementor-container elementor-column-gap-default\">\n\t\t\t\t\t<div class=\"elementor-column elementor-col-100 elementor-top-column elementor-element elementor-element-3575ce9d\" data-id=\"3575ce9d\" data-element_type=\"column\" data-e-type=\"column\">\n\t\t\t<div class=\"elementor-widget-wrap elementor-element-populated\">\n\t\t\t\t\t\t<div class=\"elementor-element elementor-element-3a65f7b elementor-widget elementor-widget-image\" data-id=\"3a65f7b\" data-element_type=\"widget\" data-e-type=\"widget\" data-widget_type=\"image.default\">\n\t\t\t\t<div class=\"elementor-widget-container\">\n\t\t\t\t\t\t\t\t\t\t\t\t\t\t\t<img decoding=\"async\" width=\"150\" height=\"150\" src=\"https:\/\/sgzp.ch\/wp-content\/uploads\/2022\/02\/zertif-2.png\" class=\"attachment-medium size-medium wp-image-1900\" alt=\"\" srcset=\"https:\/\/sgzp.ch\/wp-content\/uploads\/2022\/02\/zertif-2.png 150w, https:\/\/sgzp.ch\/wp-content\/uploads\/2022\/02\/zertif-2-12x12.png 12w\" sizes=\"(max-width: 150px) 100vw, 150px\" \/>\t\t\t\t\t\t\t\t\t\t\t\t\t\t\t<\/div>\n\t\t\t\t<\/div>\n\t\t\t\t<div class=\"elementor-element elementor-element-4bd704f3 elementor-widget elementor-widget-text-editor\" data-id=\"4bd704f3\" data-element_type=\"widget\" data-e-type=\"widget\" data-widget_type=\"text-editor.default\">\n\t\t\t\t<div class=\"elementor-widget-container\">\n\t\t\t\t\t\t\t\t\t<p>Die Schweizerische Gesellschaft f\u00fcr zerst\u00f6rungsfreie Pr\u00fcfung ist durch das Staatssekretariat f\u00fcr Wirtschaft nach EN ISO\/IEC 17024 als Personalzertifizierungsstelle akkreditiert. Die folgenden Angaben betreffen den\u00a0<b>Akkreditierungszeitraum 2020 bis 2025<\/b>.<\/p><p>Zertifikate werden nach EN ISO 9712 in den Stufen 1 und 2 (Pr\u00fcferstufen) und 3 (Ingenieurstufe) in folgenden Verfahren ausgestellt:<\/p><ul><li>Schallemissionspr\u00fcfung &#8211; AT (nur Zertifizierung)<\/li><li>Wirbelstrompr\u00fcfung &#8211; ET<\/li><li>Dichtheitspr\u00fcfung &#8211; LT (nur Zertifizierung)<\/li><li>Magnetische Pr\u00fcfung- MT<\/li><li>Eindringpr\u00fcfung &#8211; PT<\/li><li>Durchstrahlungspr\u00fcfung &#8211; RT<\/li><li>Dehmessstreifenpr\u00fcfung &#8211; ST (nur Zertifizierung)<\/li><li>Infrarotthermographiepr\u00fcfung &#8211; TT<\/li><li>Ultraschallpr\u00fcfung &#8211; UT<\/li><li>Sichtpr\u00fcfung &#8211; VT<\/li><\/ul><p>Das Zertifizierungssystem ist in der Richtlinie f\u00fcr die Schulung, Pr\u00fcfung und Zertifizierung von Personal der zerst\u00f6rungsfreien Pr\u00fcfung umfassend beschrieben (Link vgl. Rubrik Vereinsunterlagen).<\/p><p>Zwischen den DACH Gesellschaften gilt ein Vertrag \u00fcber die Unterauftragsvergabe nach EN ISO\/IEC 17024.<\/p><p>Per 05.10.2020 wurde der Geltungsbereich an die ge\u00e4nderten Grundlagen angepasst<\/p>\t\t\t\t\t\t\t\t<\/div>\n\t\t\t\t<\/div>\n\t\t\t\t\t<\/div>\n\t\t<\/div>\n\t\t\t\t\t<\/div>\n\t\t<\/section>\n\t\t\t\t<section class=\"elementor-section elementor-top-section elementor-element elementor-element-49d5873e elementor-section-boxed elementor-section-height-default elementor-section-height-default\" data-id=\"49d5873e\" data-element_type=\"section\" data-e-type=\"section\">\n\t\t\t\t\t\t<div class=\"elementor-container elementor-column-gap-default\">\n\t\t\t\t\t<div class=\"elementor-column elementor-col-100 elementor-top-column elementor-element elementor-element-35a8809\" data-id=\"35a8809\" data-element_type=\"column\" data-e-type=\"column\">\n\t\t\t<div class=\"elementor-widget-wrap elementor-element-populated\">\n\t\t\t\t\t\t<div class=\"elementor-element elementor-element-fd3f1fc elementor-widget elementor-widget-heading\" data-id=\"fd3f1fc\" data-element_type=\"widget\" data-e-type=\"widget\" data-widget_type=\"heading.default\">\n\t\t\t\t<div class=\"elementor-widget-container\">\n\t\t\t\t\t<h2 class=\"elementor-heading-title elementor-size-default\">Weitere Unterlagen<\/h2>\t\t\t\t<\/div>\n\t\t\t\t<\/div>\n\t\t\t\t<div class=\"elementor-element elementor-element-8bc1fca elementor-widget elementor-widget-shortcode\" data-id=\"8bc1fca\" data-element_type=\"widget\" data-e-type=\"widget\" data-widget_type=\"shortcode.default\">\n\t\t\t\t<div class=\"elementor-widget-container\">\n\t\t\t\t\t\t\t<div class=\"elementor-shortcode\"><div class=\"bsk-pdfm-output-container shortcode-category layout-ul\"><div class=\"bsk-pdfm-category-output cat-10 category-hierarchical-depth-1 pdfs-in-ul\" data-cat-id=\"10\"><ul class=\"bsk-pdfm-pdfs-ul-list bsk-pdfm-without-featured-image bsk-pdfm-without-description bsk-pdfm-with-title\">\n<li class=\"bsk-pdfm-list-item list-item-odd\" data-date=\"2022-02-24-Thu\" data-id=\"17\">\n<a href=\"https:\/\/sgzp.ch\/wp-content\/uploads\/bsk-pdf-manager\/2025\/10\/Geltungsbereich-SCESe-0018-de.pdf\"  title=\"Scope of application SCESe 0018 (english)\" class=\"bsk-pdfm-pdf-link-for-title pdf-id-17\"><span class=\"bsk-pdfm-pdf-title-string\">Scope of application SCESe 0018 (english)<\/span><\/a><\/li>\n<li class=\"bsk-pdfm-list-item list-item-even\" data-date=\"2022-02-24-Thu\" data-id=\"18\">\n<a href=\"https:\/\/sgzp.ch\/wp-content\/uploads\/bsk-pdf-manager\/2025\/10\/Portee-SCESe-0018-fr.pdf\"  title=\"Port\u00e9e SCSe 0018 (franz.)\" class=\"bsk-pdfm-pdf-link-for-title pdf-id-18\"><span class=\"bsk-pdfm-pdf-title-string\">Port\u00e9e SCSe 0018 (franz.)<\/span><\/a><\/li>\n<li class=\"bsk-pdfm-list-item list-item-odd\" data-date=\"2022-02-24-Thu\" data-id=\"19\">\n<a href=\"https:\/\/sgzp.ch\/wp-content\/uploads\/bsk-pdf-manager\/2025\/10\/Scope-SCESe-0018-en.pdf\"  title=\"Scope SCSe 0018 (engl.)\" class=\"bsk-pdfm-pdf-link-for-title pdf-id-19\"><span class=\"bsk-pdfm-pdf-title-string\">Scope SCSe 0018 (engl.)<\/span><\/a><\/li>\n<li class=\"bsk-pdfm-list-item list-item-even\" data-date=\"2022-02-25-Fri\" data-id=\"21\">\n<a href=\"https:\/\/sgzp.ch\/wp-content\/uploads\/bsk-pdf-manager\/2022\/02\/MRA-Registration-SSNT-180917.pdf\"  title=\"EFNDT Certificate of Registration\" class=\"bsk-pdfm-pdf-link-for-title pdf-id-21\"><span class=\"bsk-pdfm-pdf-title-string\">EFNDT Certificate of Registration<\/span><\/a><\/li>\n<li class=\"bsk-pdfm-list-item list-item-odd\" data-date=\"2022-02-25-Fri\" data-id=\"22\">\n<a href=\"https:\/\/sgzp.ch\/wp-content\/uploads\/bsk-pdf-manager\/2022\/02\/MRA-Registration-SSNT-180917-1.pdf\"  title=\"DACH Vertrag \u00fcber die Unterauftragsvergabe\" class=\"bsk-pdfm-pdf-link-for-title pdf-id-22\"><span class=\"bsk-pdfm-pdf-title-string\">DACH Vertrag \u00fcber die Unterauftragsvergabe<\/span><\/a><\/li>\n<li class=\"bsk-pdfm-list-item list-item-even\" data-date=\"2022-02-25-Fri\" data-id=\"20\">\n<a href=\"https:\/\/sgzp.ch\/wp-content\/uploads\/bsk-pdf-manager\/2025\/10\/Akkreditierungsurkunden-SCESe-0018-d-f-i-e-.pdf\"  title=\"Akkreditierungsurkunde SCESe 0018 (deutsch - franz. - ital. - engl.)\" class=\"bsk-pdfm-pdf-link-for-title pdf-id-20\"><span class=\"bsk-pdfm-pdf-title-string\">Akkreditierungsurkunde SCESe 0018 (deutsch - franz. - ital. - engl.)<\/span><\/a><\/li>\n<\/ul><!--\/\/bsk-pdfm-category-output cat-10--><\/div><div class=\"bsk-pdfm-category-shortcode-attr\"><input type=\"hidden\" class=\"bsk-pdfm-shortcode-attr\" data-attr_name=\"ul_or_ol\" value=\"ul\" \/><input type=\"hidden\" class=\"bsk-pdfm-shortcode-attr\" data-attr_name=\"id\" value=\"10\" \/><input type=\"hidden\" class=\"bsk-pdfm-shortcode-attr\" data-attr_name=\"cat_order_by\" value=\" C.`title`\" \/><input type=\"hidden\" class=\"bsk-pdfm-shortcode-attr\" data-attr_name=\"cat_order\" value=\" ASC\" \/><input type=\"hidden\" class=\"bsk-pdfm-shortcode-attr\" data-attr_name=\"show_cat_title\" value=\"\" \/><input type=\"hidden\" class=\"bsk-pdfm-shortcode-attr\" data-attr_name=\"order_by\" value=\"date\" \/><input type=\"hidden\" class=\"bsk-pdfm-shortcode-attr\" data-attr_name=\"order\" value=\"ASC\" \/><input type=\"hidden\" class=\"bsk-pdfm-shortcode-attr\" data-attr_name=\"target\" value=\"\" \/><input type=\"hidden\" class=\"bsk-pdfm-shortcode-attr\" data-attr_name=\"most_top\" value=\"0\" \/><input type=\"hidden\" class=\"bsk-pdfm-shortcode-attr\" data-attr_name=\"nofollow_tag\" value=\"no\" \/><input type=\"hidden\" class=\"bsk-pdfm-shortcode-attr\" data-attr_name=\"noopener_tag\" value=\"no\" \/><input type=\"hidden\" class=\"bsk-pdfm-shortcode-attr\" data-attr_name=\"noreferrer_tag\" value=\"no\" \/><input type=\"hidden\" class=\"bsk-pdfm-shortcode-attr\" data-attr_name=\"show_date\" value=\"no\" \/><input type=\"hidden\" class=\"bsk-pdfm-shortcode-attr\" data-attr_name=\"date_before_title\" value=\"no\" \/><input type=\"hidden\" class=\"bsk-pdfm-shortcode-attr\" data-attr_name=\"date_format\" value=\" d\/m\/Y\" \/><input type=\"hidden\" class=\"bsk-pdfm-shortcode-attr\" data-attr_name=\"show_count_desc\" value=\"no\" \/><input type=\"hidden\" class=\"bsk-pdfm-shortcode-attr\" data-attr_name=\"extension_filter\" value=\"no\" \/><input type=\"hidden\" class=\"bsk-pdfm-shortcode-attr\" data-attr_name=\"tags\" value=\"no\" \/><input type=\"hidden\" class=\"bsk-pdfm-shortcode-attr\" data-attr_name=\"tags_specific\" value=\"\" \/><input type=\"hidden\" class=\"bsk-pdfm-shortcode-attr\" data-attr_name=\"tags_default\" value=\"\" \/><input type=\"hidden\" class=\"bsk-pdfm-shortcode-attr\" data-attr_name=\"tags_exclude\" value=\"\" \/><input type=\"hidden\" class=\"bsk-pdfm-shortcode-attr\" data-attr_name=\"tags_align_right\" value=\"no\" \/><input type=\"hidden\" class=\"bsk-pdfm-shortcode-attr\" data-attr_name=\"output_container_class\" value=\"\" \/><input type=\"hidden\" class=\"bsk-pdfm-shortcode-attr\" data-attr_name=\"cat_id\" value=\"10\" \/><input type=\"hidden\" class=\"bsk-pdfm-shortcode-attr\" data-attr_name=\"valid_cat_ids\" value=\"10\" \/><input type=\"hidden\" class=\"bsk-pdfm-category-ajax-nonce\" value=\"cfb6715ded\"><\/div><\/div><!-- \/\/bsk-pdfm-output-container --><\/div>\n\t\t\t\t\t\t<\/div>\n\t\t\t\t<\/div>\n\t\t\t\t<div class=\"elementor-element elementor-element-26f2848 elementor-widget elementor-widget-text-editor\" data-id=\"26f2848\" data-element_type=\"widget\" data-e-type=\"widget\" data-widget_type=\"text-editor.default\">\n\t\t\t\t<div class=\"elementor-widget-container\">\n\t\t\t\t\t\t\t\t\t<p>F\u00fcr Fragen in Zusammenhang mit der Zertifizierung steht Ihnen das Sekretariat gerne zur Verf\u00fcgung.<\/p><p>Meldeformulare f\u00fcr Ausbildung und Zertifizierung siehe\u00a0<a href=\"https:\/\/sgzp.ch\/en\/iso-9712\/\">SN EN ISO 9712<\/a>\u00a0bzw.\u00a0<a href=\"https:\/\/sgzp.ch\/en\/en-4179\/\">SN EN 4179<\/a>.<\/p>\t\t\t\t\t\t\t\t<\/div>\n\t\t\t\t<\/div>\n\t\t\t\t\t<\/div>\n\t\t<\/div>\n\t\t\t\t\t<\/div>\n\t\t<\/section>\n\t\t\t\t<\/div>","protected":false},"excerpt":{"rendered":"<p>Zertifizierung SN EN ISO 9712 Die Schweizerische Gesellschaft f\u00fcr zerst\u00f6rungsfreie Pr\u00fcfung ist durch das Staatssekretariat f\u00fcr Wirtschaft nach EN ISO\/IEC 17024 als Personalzertifizierungsstelle akkreditiert. Die folgenden Angaben betreffen den\u00a0Akkreditierungszeitraum 2020 bis 2025. Zertifikate werden nach EN ISO 9712 in den Stufen 1 und 2 (Pr\u00fcferstufen) und 3 (Ingenieurstufe) in folgenden Verfahren ausgestellt: Schallemissionspr\u00fcfung &#8211; AT [&hellip;]<\/p>\n","protected":false},"author":2,"featured_media":0,"parent":0,"menu_order":0,"comment_status":"closed","ping_status":"closed","template":"","meta":{"site-sidebar-layout":"no-sidebar","site-content-layout":"page-builder","ast-site-content-layout":"default","site-content-style":"default","site-sidebar-style":"default","ast-global-header-display":"","ast-banner-title-visibility":"","ast-main-header-display":"","ast-hfb-above-header-display":"","ast-hfb-below-header-display":"","ast-hfb-mobile-header-display":"","site-post-title":"disabled","ast-breadcrumbs-content":"","ast-featured-img":"disabled","footer-sml-layout":"","ast-disable-related-posts":"","theme-transparent-header-meta":"","adv-header-id-meta":"","stick-header-meta":"","header-above-stick-meta":"","header-main-stick-meta":"","header-below-stick-meta":"","astra-migrate-meta-layouts":"default","ast-page-background-enabled":"default","ast-page-background-meta":{"desktop":{"background-color":"","background-image":"","background-repeat":"repeat","background-position":"center center","background-size":"auto","background-attachment":"scroll","background-type":"","background-media":"","overlay-type":"","overlay-color":"","overlay-opacity":"","overlay-gradient":""},"tablet":{"background-color":"","background-image":"","background-repeat":"repeat","background-position":"center center","background-size":"auto","background-attachment":"scroll","background-type":"","background-media":"","overlay-type":"","overlay-color":"","overlay-opacity":"","overlay-gradient":""},"mobile":{"background-color":"","background-image":"","background-repeat":"repeat","background-position":"center center","background-size":"auto","background-attachment":"scroll","background-type":"","background-media":"","overlay-type":"","overlay-color":"","overlay-opacity":"","overlay-gradient":""}},"ast-content-background-meta":{"desktop":{"background-color":"var(--ast-global-color-5)","background-image":"","background-repeat":"repeat","background-position":"center center","background-size":"auto","background-attachment":"scroll","background-type":"","background-media":"","overlay-type":"","overlay-color":"","overlay-opacity":"","overlay-gradient":""},"tablet":{"background-color":"var(--ast-global-color-5)","background-image":"","background-repeat":"repeat","background-position":"center center","background-size":"auto","background-attachment":"scroll","background-type":"","background-media":"","overlay-type":"","overlay-color":"","overlay-opacity":"","overlay-gradient":""},"mobile":{"background-color":"var(--ast-global-color-5)","background-image":"","background-repeat":"repeat","background-position":"center center","background-size":"auto","background-attachment":"scroll","background-type":"","background-media":"","overlay-type":"","overlay-color":"","overlay-opacity":"","overlay-gradient":""}},"footnotes":""},"class_list":["post-1835","page","type-page","status-publish","hentry"],"_links":{"self":[{"href":"https:\/\/sgzp.ch\/en\/wp-json\/wp\/v2\/pages\/1835","targetHints":{"allow":["GET"]}}],"collection":[{"href":"https:\/\/sgzp.ch\/en\/wp-json\/wp\/v2\/pages"}],"about":[{"href":"https:\/\/sgzp.ch\/en\/wp-json\/wp\/v2\/types\/page"}],"author":[{"embeddable":true,"href":"https:\/\/sgzp.ch\/en\/wp-json\/wp\/v2\/users\/2"}],"replies":[{"embeddable":true,"href":"https:\/\/sgzp.ch\/en\/wp-json\/wp\/v2\/comments?post=1835"}],"version-history":[{"count":31,"href":"https:\/\/sgzp.ch\/en\/wp-json\/wp\/v2\/pages\/1835\/revisions"}],"predecessor-version":[{"id":2331,"href":"https:\/\/sgzp.ch\/en\/wp-json\/wp\/v2\/pages\/1835\/revisions\/2331"}],"wp:attachment":[{"href":"https:\/\/sgzp.ch\/en\/wp-json\/wp\/v2\/media?parent=1835"}],"curies":[{"name":"wp","href":"https:\/\/api.w.org\/{rel}","templated":true}]}}