{"id":1797,"date":"2022-02-19T17:33:28","date_gmt":"2022-02-19T16:33:28","guid":{"rendered":"https:\/\/env-7824846.jcloud.ik-server.com\/?page_id=1797"},"modified":"2026-03-11T23:05:55","modified_gmt":"2026-03-11T22:05:55","slug":"normierung","status":"publish","type":"page","link":"https:\/\/sgzp.ch\/en\/normierung\/","title":{"rendered":"Normierung"},"content":{"rendered":"<div data-elementor-type=\"wp-page\" data-elementor-id=\"1797\" class=\"elementor elementor-1797\" data-elementor-post-type=\"page\">\n\t\t\t\t\t\t<section class=\"elementor-section elementor-top-section elementor-element elementor-element-ca9515a elementor-section-boxed elementor-section-height-default elementor-section-height-default\" data-id=\"ca9515a\" data-element_type=\"section\" data-e-type=\"section\">\n\t\t\t\t\t\t<div class=\"elementor-container elementor-column-gap-default\">\n\t\t\t\t\t<div class=\"elementor-column elementor-col-100 elementor-top-column elementor-element elementor-element-81866e1\" data-id=\"81866e1\" data-element_type=\"column\" data-e-type=\"column\">\n\t\t\t<div class=\"elementor-widget-wrap elementor-element-populated\">\n\t\t\t\t\t\t<div class=\"elementor-element elementor-element-18c8faa elementor-widget elementor-widget-heading\" data-id=\"18c8faa\" data-element_type=\"widget\" data-e-type=\"widget\" data-widget_type=\"heading.default\">\n\t\t\t\t<div class=\"elementor-widget-container\">\n\t\t\t\t\t<h1 class=\"elementor-heading-title elementor-size-default\">Normierung<\/h1>\t\t\t\t<\/div>\n\t\t\t\t<\/div>\n\t\t\t\t\t<\/div>\n\t\t<\/div>\n\t\t\t\t\t<\/div>\n\t\t<\/section>\n\t\t\t\t<section class=\"elementor-section elementor-top-section elementor-element elementor-element-aa8e43e elementor-section-boxed elementor-section-height-default elementor-section-height-default\" data-id=\"aa8e43e\" data-element_type=\"section\" data-e-type=\"section\">\n\t\t\t\t\t\t<div class=\"elementor-container elementor-column-gap-default\">\n\t\t\t\t\t<div class=\"elementor-column elementor-col-100 elementor-top-column elementor-element elementor-element-5c87f8b\" data-id=\"5c87f8b\" data-element_type=\"column\" data-e-type=\"column\">\n\t\t\t<div class=\"elementor-widget-wrap elementor-element-populated\">\n\t\t\t\t\t\t<div class=\"elementor-element elementor-element-46d9535 elementor-widget elementor-widget-heading\" data-id=\"46d9535\" data-element_type=\"widget\" data-e-type=\"widget\" data-widget_type=\"heading.default\">\n\t\t\t\t<div class=\"elementor-widget-container\">\n\t\t\t\t\t<h2 class=\"elementor-heading-title elementor-size-default\">Aufgabenbereich<\/h2>\t\t\t\t<\/div>\n\t\t\t\t<\/div>\n\t\t\t\t<div class=\"elementor-element elementor-element-aa87a83 elementor-widget elementor-widget-text-editor\" data-id=\"aa87a83\" data-element_type=\"widget\" data-e-type=\"widget\" data-widget_type=\"text-editor.default\">\n\t\t\t\t<div class=\"elementor-widget-container\">\n\t\t\t\t\t\t\t\t\t<p>Der Normenbeauftragte der SGZP nimmt aktiv am Entstehungsprozess von ZfP Normen im Komitee INB NK 180 der Schweizerischen Normenvereinigung SNV teil. Er holt die Meinung von Fachgremien und Fachleuten zu aktuellen Normenvorhaben ein. Das INB NK 180 befasst sich mit zerst\u00f6rungsfreier Pr\u00fcfung. Inhaltlich ist dieses Komitee spezialisiert auf die Normung der Terminologie, Ger\u00e4te und allgemeinen Prinzipien der Methoden f\u00fcr die zerst\u00f6rungsfreie Pr\u00fcfung sowie den Prinzipien der Qualifikation und Zertifikation von Pr\u00fcfpersonal der zerst\u00f6rungsfreien Pr\u00fcfungen. Das entsprechende Gremium auf europ\u00e4ischer Ebene ist das CEN\/TC 138.<\/p><p>Es gibt weitere Komitees, die sich mit ZfP-Normung befassen, z.B. (Liste nicht abschliessend):<br \/>&#8211; SWISSMEM NK 13 (Stahl-Werkstoffe und Halbfabrikate)<br \/>&#8211; SWISSMEM NK 20 (Schweissen und Trennen)<br \/>&#8211; SWISSMEM NK 30 (Druckger\u00e4te)<\/p><p>Europ\u00e4ische Normen (EN) werden zwingend als Schweizer Norm (SN EN) \u00fcbernommen.<\/p>\t\t\t\t\t\t\t\t<\/div>\n\t\t\t\t<\/div>\n\t\t\t\t\t<\/div>\n\t\t<\/div>\n\t\t\t\t\t<\/div>\n\t\t<\/section>\n\t\t\t\t<section class=\"elementor-section elementor-top-section elementor-element elementor-element-61379fe elementor-section-boxed elementor-section-height-default elementor-section-height-default\" data-id=\"61379fe\" data-element_type=\"section\" data-e-type=\"section\">\n\t\t\t\t\t\t<div class=\"elementor-container elementor-column-gap-default\">\n\t\t\t\t\t<div class=\"elementor-column elementor-col-100 elementor-top-column elementor-element elementor-element-4013ab2\" data-id=\"4013ab2\" data-element_type=\"column\" data-e-type=\"column\">\n\t\t\t<div class=\"elementor-widget-wrap elementor-element-populated\">\n\t\t\t\t\t\t<div class=\"elementor-element elementor-element-ed1a679 elementor-widget elementor-widget-heading\" data-id=\"ed1a679\" data-element_type=\"widget\" data-e-type=\"widget\" data-widget_type=\"heading.default\">\n\t\t\t\t<div class=\"elementor-widget-container\">\n\t\t\t\t\t<h2 class=\"elementor-heading-title elementor-size-default\">Normenbeauftragter<\/h2>\t\t\t\t<\/div>\n\t\t\t\t<\/div>\n\t\t\t\t<div class=\"elementor-element elementor-element-983f226 elementor-widget elementor-widget-text-editor\" data-id=\"983f226\" data-element_type=\"widget\" data-e-type=\"widget\" data-widget_type=\"text-editor.default\">\n\t\t\t\t<div class=\"elementor-widget-container\">\n\t\t\t\t\t\t\t\t\t<p>Michael Scherrer<br \/>SVTI \/ Nuklearinspektorat<br \/>Richtistrasse 15, 8304 Wallisellen<br \/>044 877 62 52<br \/>michael.scherrer(at)svti.ch<\/p>\t\t\t\t\t\t\t\t<\/div>\n\t\t\t\t<\/div>\n\t\t\t\t\t<\/div>\n\t\t<\/div>\n\t\t\t\t\t<\/div>\n\t\t<\/section>\n\t\t\t\t<section class=\"elementor-section elementor-top-section elementor-element elementor-element-7f0dde3 elementor-section-boxed elementor-section-height-default elementor-section-height-default\" data-id=\"7f0dde3\" data-element_type=\"section\" data-e-type=\"section\">\n\t\t\t\t\t\t<div class=\"elementor-container elementor-column-gap-default\">\n\t\t\t\t\t<div class=\"elementor-column elementor-col-100 elementor-top-column elementor-element elementor-element-88a30a1\" data-id=\"88a30a1\" data-element_type=\"column\" data-e-type=\"column\">\n\t\t\t<div class=\"elementor-widget-wrap elementor-element-populated\">\n\t\t\t\t\t\t<div class=\"elementor-element elementor-element-d259e04 elementor-widget elementor-widget-heading\" data-id=\"d259e04\" data-element_type=\"widget\" data-e-type=\"widget\" data-widget_type=\"heading.default\">\n\t\t\t\t<div class=\"elementor-widget-container\">\n\t\t\t\t\t<h2 class=\"elementor-heading-title elementor-size-default\">Normenlisten<\/h2>\t\t\t\t<\/div>\n\t\t\t\t<\/div>\n\t\t\t\t<div class=\"elementor-element elementor-element-39023f3 elementor-widget elementor-widget-text-editor\" data-id=\"39023f3\" data-element_type=\"widget\" data-e-type=\"widget\" data-widget_type=\"text-editor.default\">\n\t\t\t\t<div class=\"elementor-widget-container\">\n\t\t\t\t\t\t\t\t\t<p>Die direkten Links zu den \u00fcbergeordneten Normenkomitees sind:<\/p><p><a href=\"https:\/\/standards.cencenelec.eu\/ords\/f?p=205:7:::::FSP_ORG_ID,FSP_LANG_ID:6120,22&amp;cs=1A8A5567E9816BAFF642E6F7A1D012D16\">EN-Normenkomitee: CEN\/TC 138 &#8211; NDT<\/a><\/p><p><a href=\"https:\/\/www.iso.org\/committee\/52398.html\">ISO-Normenkomitee: ISO\/TC 135 &#8211; NDT<\/a><\/p>\t\t\t\t\t\t\t\t<\/div>\n\t\t\t\t<\/div>\n\t\t\t\t\t<\/div>\n\t\t<\/div>\n\t\t\t\t\t<\/div>\n\t\t<\/section>\n\t\t\t\t<\/div>","protected":false},"excerpt":{"rendered":"<p>Normierung Aufgabenbereich Der Normenbeauftragte der SGZP nimmt aktiv am Entstehungsprozess von ZfP Normen im Komitee INB NK 180 der Schweizerischen Normenvereinigung SNV teil. Er holt die Meinung von Fachgremien und Fachleuten zu aktuellen Normenvorhaben ein. Das INB NK 180 befasst sich mit zerst\u00f6rungsfreier Pr\u00fcfung. Inhaltlich ist dieses Komitee spezialisiert auf die Normung der Terminologie, Ger\u00e4te [&hellip;]<\/p>\n","protected":false},"author":2,"featured_media":0,"parent":0,"menu_order":0,"comment_status":"closed","ping_status":"closed","template":"","meta":{"site-sidebar-layout":"no-sidebar","site-content-layout":"page-builder","ast-site-content-layout":"default","site-content-style":"default","site-sidebar-style":"default","ast-global-header-display":"","ast-banner-title-visibility":"","ast-main-header-display":"","ast-hfb-above-header-display":"","ast-hfb-below-header-display":"","ast-hfb-mobile-header-display":"","site-post-title":"disabled","ast-breadcrumbs-content":"","ast-featured-img":"disabled","footer-sml-layout":"","ast-disable-related-posts":"","theme-transparent-header-meta":"","adv-header-id-meta":"","stick-header-meta":"","header-above-stick-meta":"","header-main-stick-meta":"","header-below-stick-meta":"","astra-migrate-meta-layouts":"default","ast-page-background-enabled":"default","ast-page-background-meta":{"desktop":{"background-color":"","background-image":"","background-repeat":"repeat","background-position":"center center","background-size":"auto","background-attachment":"scroll","background-type":"","background-media":"","overlay-type":"","overlay-color":"","overlay-opacity":"","overlay-gradient":""},"tablet":{"background-color":"","background-image":"","background-repeat":"repeat","background-position":"center center","background-size":"auto","background-attachment":"scroll","background-type":"","background-media":"","overlay-type":"","overlay-color":"","overlay-opacity":"","overlay-gradient":""},"mobile":{"background-color":"","background-image":"","background-repeat":"repeat","background-position":"center center","background-size":"auto","background-attachment":"scroll","background-type":"","background-media":"","overlay-type":"","overlay-color":"","overlay-opacity":"","overlay-gradient":""}},"ast-content-background-meta":{"desktop":{"background-color":"var(--ast-global-color-5)","background-image":"","background-repeat":"repeat","background-position":"center center","background-size":"auto","background-attachment":"scroll","background-type":"","background-media":"","overlay-type":"","overlay-color":"","overlay-opacity":"","overlay-gradient":""},"tablet":{"background-color":"var(--ast-global-color-5)","background-image":"","background-repeat":"repeat","background-position":"center center","background-size":"auto","background-attachment":"scroll","background-type":"","background-media":"","overlay-type":"","overlay-color":"","overlay-opacity":"","overlay-gradient":""},"mobile":{"background-color":"var(--ast-global-color-5)","background-image":"","background-repeat":"repeat","background-position":"center center","background-size":"auto","background-attachment":"scroll","background-type":"","background-media":"","overlay-type":"","overlay-color":"","overlay-opacity":"","overlay-gradient":""}},"footnotes":""},"class_list":["post-1797","page","type-page","status-publish","hentry"],"_links":{"self":[{"href":"https:\/\/sgzp.ch\/en\/wp-json\/wp\/v2\/pages\/1797","targetHints":{"allow":["GET"]}}],"collection":[{"href":"https:\/\/sgzp.ch\/en\/wp-json\/wp\/v2\/pages"}],"about":[{"href":"https:\/\/sgzp.ch\/en\/wp-json\/wp\/v2\/types\/page"}],"author":[{"embeddable":true,"href":"https:\/\/sgzp.ch\/en\/wp-json\/wp\/v2\/users\/2"}],"replies":[{"embeddable":true,"href":"https:\/\/sgzp.ch\/en\/wp-json\/wp\/v2\/comments?post=1797"}],"version-history":[{"count":13,"href":"https:\/\/sgzp.ch\/en\/wp-json\/wp\/v2\/pages\/1797\/revisions"}],"predecessor-version":[{"id":2963,"href":"https:\/\/sgzp.ch\/en\/wp-json\/wp\/v2\/pages\/1797\/revisions\/2963"}],"wp:attachment":[{"href":"https:\/\/sgzp.ch\/en\/wp-json\/wp\/v2\/media?parent=1797"}],"curies":[{"name":"wp","href":"https:\/\/api.w.org\/{rel}","templated":true}]}}