{"id":1766,"date":"2022-02-19T17:18:48","date_gmt":"2022-02-19T16:18:48","guid":{"rendered":"https:\/\/env-7824846.jcloud.ik-server.com\/?page_id=1766"},"modified":"2026-02-03T11:18:11","modified_gmt":"2026-02-03T10:18:11","slug":"vorstand","status":"publish","type":"page","link":"https:\/\/sgzp.ch\/en\/vorstand\/","title":{"rendered":"Vorstand"},"content":{"rendered":"<div data-elementor-type=\"wp-page\" data-elementor-id=\"1766\" class=\"elementor elementor-1766\" data-elementor-post-type=\"page\">\n\t\t\t\t\t\t<section class=\"elementor-section elementor-top-section elementor-element elementor-element-26186f89 elementor-section-boxed elementor-section-height-default elementor-section-height-default\" data-id=\"26186f89\" data-element_type=\"section\" data-e-type=\"section\">\n\t\t\t\t\t\t<div class=\"elementor-container elementor-column-gap-default\">\n\t\t\t\t\t<div class=\"elementor-column elementor-col-100 elementor-top-column elementor-element elementor-element-379c4aa1\" data-id=\"379c4aa1\" data-element_type=\"column\" data-e-type=\"column\">\n\t\t\t<div class=\"elementor-widget-wrap elementor-element-populated\">\n\t\t\t\t\t\t<div class=\"elementor-element elementor-element-2fac16ab elementor-widget elementor-widget-heading\" data-id=\"2fac16ab\" data-element_type=\"widget\" data-e-type=\"widget\" data-widget_type=\"heading.default\">\n\t\t\t\t<div class=\"elementor-widget-container\">\n\t\t\t\t\t<h1 class=\"elementor-heading-title elementor-size-default\">Vorstand<\/h1>\t\t\t\t<\/div>\n\t\t\t\t<\/div>\n\t\t\t\t\t<\/div>\n\t\t<\/div>\n\t\t\t\t\t<\/div>\n\t\t<\/section>\n\t\t\t\t<section class=\"elementor-section elementor-top-section elementor-element elementor-element-30fe6f27 elementor-section-boxed elementor-section-height-default elementor-section-height-default\" data-id=\"30fe6f27\" data-element_type=\"section\" data-e-type=\"section\">\n\t\t\t\t\t\t<div class=\"elementor-container elementor-column-gap-default\">\n\t\t\t\t\t<div class=\"elementor-column elementor-col-100 elementor-top-column elementor-element elementor-element-60124252\" data-id=\"60124252\" data-element_type=\"column\" data-e-type=\"column\">\n\t\t\t<div class=\"elementor-widget-wrap elementor-element-populated\">\n\t\t\t\t\t\t<div class=\"elementor-element elementor-element-18641a47 elementor-widget elementor-widget-heading\" data-id=\"18641a47\" data-element_type=\"widget\" data-e-type=\"widget\" data-widget_type=\"heading.default\">\n\t\t\t\t<div class=\"elementor-widget-container\">\n\t\t\t\t\t<h2 class=\"elementor-heading-title elementor-size-default\">Zusammensetzung und Aufgabenbereiche<\/h2>\t\t\t\t<\/div>\n\t\t\t\t<\/div>\n\t\t\t\t<div class=\"elementor-element elementor-element-704b1db elementor-widget elementor-widget-text-editor\" data-id=\"704b1db\" data-element_type=\"widget\" data-e-type=\"widget\" data-widget_type=\"text-editor.default\">\n\t\t\t\t<div class=\"elementor-widget-container\">\n\t\t\t\t\t\t\t\t\t<p>Der Vorstand f\u00fchrt die Gesellschaft nach den nach ZGB Art 60 ff und den Statuten genannten Kriterien.<br \/>Der Vorstand wird von der Mitgliederversammlung jeweils auf die Dauer von zwei Jahren gew\u00e4hlt. Er konstituiert sich mit Ausnahme des Pr\u00e4sidenten selbst und bestimmt aus seinen Reihen den Zertifizierungsbeauftragten, der gleichzeitig der Leiter des Sekretariats ist, den Vorsitzenden des Fachkommissionsausschusses, einen Vertreter im Ausbildungsausschuss und weitere Chargen nach Bedarf. Er regelt die Zeichnungsberechtigung f\u00fcr die Gesellschaft.<br \/>Der Vorstand tr\u00e4gt die Gesamtverantwortung f\u00fcr alle Zertifizierungst\u00e4tigkeiten.<\/p>\t\t\t\t\t\t\t\t<\/div>\n\t\t\t\t<\/div>\n\t\t\t\t\t<\/div>\n\t\t<\/div>\n\t\t\t\t\t<\/div>\n\t\t<\/section>\n\t\t\t\t<section class=\"elementor-section elementor-top-section elementor-element elementor-element-8b3e221 elementor-section-boxed elementor-section-height-default elementor-section-height-default\" data-id=\"8b3e221\" data-element_type=\"section\" data-e-type=\"section\">\n\t\t\t\t\t\t<div class=\"elementor-container elementor-column-gap-default\">\n\t\t\t\t\t<div class=\"elementor-column elementor-col-100 elementor-top-column elementor-element elementor-element-c3940b3\" data-id=\"c3940b3\" data-element_type=\"column\" data-e-type=\"column\">\n\t\t\t<div class=\"elementor-widget-wrap elementor-element-populated\">\n\t\t\t\t\t\t<div class=\"elementor-element elementor-element-4829be0 elementor-widget elementor-widget-heading\" data-id=\"4829be0\" data-element_type=\"widget\" data-e-type=\"widget\" data-widget_type=\"heading.default\">\n\t\t\t\t<div class=\"elementor-widget-container\">\n\t\t\t\t\t<h2 class=\"elementor-heading-title elementor-size-default\">Pr\u00e4sident<\/h2>\t\t\t\t<\/div>\n\t\t\t\t<\/div>\n\t\t\t\t<div class=\"elementor-element elementor-element-d9f502a elementor-widget elementor-widget-text-editor\" data-id=\"d9f502a\" data-element_type=\"widget\" data-e-type=\"widget\" data-widget_type=\"text-editor.default\">\n\t\t\t\t<div class=\"elementor-widget-container\">\n\t\t\t\t\t\t\t\t\t<p>Peter Fisch<br>Fisch &amp; Partner AG<br>Juchstrasse 9, 8604 Volketswil<br>044 821 01 15<br><a href=\"mailto:peter.fisch@sgzp.ch\">peter.fisch(at)sgzp.ch<\/a><\/p>\n<p><\/p>\t\t\t\t\t\t\t\t<\/div>\n\t\t\t\t<\/div>\n\t\t\t\t\t<\/div>\n\t\t<\/div>\n\t\t\t\t\t<\/div>\n\t\t<\/section>\n\t\t\t\t<section class=\"elementor-section elementor-top-section elementor-element elementor-element-f846993 elementor-section-boxed elementor-section-height-default elementor-section-height-default\" data-id=\"f846993\" data-element_type=\"section\" data-e-type=\"section\">\n\t\t\t\t\t\t<div class=\"elementor-container elementor-column-gap-default\">\n\t\t\t\t\t<div class=\"elementor-column elementor-col-100 elementor-top-column elementor-element elementor-element-281fd4d\" data-id=\"281fd4d\" data-element_type=\"column\" data-e-type=\"column\">\n\t\t\t<div class=\"elementor-widget-wrap elementor-element-populated\">\n\t\t\t\t\t\t<div class=\"elementor-element elementor-element-88bc28b elementor-widget elementor-widget-heading\" data-id=\"88bc28b\" data-element_type=\"widget\" data-e-type=\"widget\" data-widget_type=\"heading.default\">\n\t\t\t\t<div class=\"elementor-widget-container\">\n\t\t\t\t\t<h2 class=\"elementor-heading-title elementor-size-default\">Mitglieder (alphabetisch)<\/h2>\t\t\t\t<\/div>\n\t\t\t\t<\/div>\n\t\t\t\t<div class=\"elementor-element elementor-element-1e12477 elementor-widget elementor-widget-text-editor\" data-id=\"1e12477\" data-element_type=\"widget\" data-e-type=\"widget\" data-widget_type=\"text-editor.default\">\n\t\t\t\t<div class=\"elementor-widget-container\">\n\t\t\t\t\t\t\t\t\t<p><span style=\"font-style: inherit; font-weight: inherit; color: var( --e-global-color-text ); font-family: var( --e-global-typography-text-font-family ), Sans-serif; text-transform: var( --e-global-typography-text-text-transform );\">Eric Cataldi (Vizepr\u00e4sident und Vertreter Suisse Romande und Svizzera Italiana)<br><\/span><span style=\"font-style: inherit; font-weight: inherit; color: var( --e-global-color-text ); font-family: var( --e-global-typography-text-font-family ), Sans-serif; text-transform: var( --e-global-typography-text-text-transform );\">Schweizerische Bundesbahnen SBB<br><\/span><span style=\"font-style: inherit; font-weight: inherit; color: var( --e-global-color-text ); font-family: var( --e-global-typography-text-font-family ), Sans-serif; text-transform: var( --e-global-typography-text-text-transform );\">Hohlstrasse 388, 8048 Z\u00fcrich<br><\/span><span style=\"font-style: inherit; font-weight: inherit; font-family: var( --e-global-typography-text-font-family ), Sans-serif; text-transform: var( --e-global-typography-text-text-transform );\"><span style=\"color: rgba(0, 0, 0, 0);\">079 479 06 09<\/span><br><\/span><a style=\"font-style: inherit; font-weight: inherit; font-family: var( --e-global-typography-text-font-family ), Sans-serif; text-transform: var( --e-global-typography-text-text-transform ); background-color: #ffffff;\" href=\"mailto:eric.cataldi@sbb.ch\">eric.cataldi(at)sbb.ch<\/a><\/p>\n<p>Christian D\u00fcrager (Luftfahrt)<br>IMITec GmbH<br>Rebbergstrasse 170, 8706 Meilen<br>079 603 93 25<br><a href=\"mailto:christian.duerager@imitec.ch\">christian.duerager(at)imitec.ch<\/a><\/p>\n<p>Fabio Eichenberger<br>gbd Swiss AG<br>Schneidersmatt 32, 3184 W\u00fcnnewil<br><span style=\"font-size: 10.0pt; font-family: 'Arial',sans-serif;\">&nbsp;<\/span>031 544 37 10<br><a style=\"background-color: #ffffff;\" href=\"mailto:christian.duerager@imitec.ch\">fabio.eichenberger(at)gbd-pta.com<\/a><\/p>\n<p>Ren\u00e9 Klieber (Auslandbeziehungen, Zertifizierungsbeauftragter und Sekret\u00e4r)<br>SVTI \/ Nuklearinspektorat<br>Richtistrasse 15, 8304 Wallisellen<br>044 877 62 42<br><a href=\"mailto:office@sgzp.ch\">office(at)sgzp.ch<\/a><\/p>\n<p>Anja K\u00f6nig (Aktuarin)<br>Schweiz. Verein f\u00fcr Schweisstechnik<br>St. Alban-Rheinweg 222, 4052 Basel<br>061 317 84 39<br><a href=\"mailto:anja.koenig@svs.ch\">anja.koenig(at)svs.ch<\/a><\/p>\n<p>Michael Scherrer (Normung)<br>SVTI \/ Nuklearinspektorat<br>Richtistrasse 15, 8304 Wallisellen<br>044 877 62 52<br><a href=\"mailto:michael.scherrer@svti.ch\">michael.scherrer(at)svti.ch<\/a><\/p>\n<p><span data-olk-copy-source=\"MessageBody\">Rene Radis (Vorsitz Fachkommissionsausschuss)<\/span><br>ZHAW Z\u00fcrcher Hochschule f\u00fcr Angewandte Wissenschaften<br>IMPE Institute of Materials and Process Engineering<br>Technikumstrasse 9, Postfach, 8401 Winterthur<br>058 934 44 01<br><a href=\"mailto:rene.radis@sgzp.ch\">rene.radis(at)sgzp.ch<\/a><\/p>\t\t\t\t\t\t\t\t<\/div>\n\t\t\t\t<\/div>\n\t\t\t\t\t<\/div>\n\t\t<\/div>\n\t\t\t\t\t<\/div>\n\t\t<\/section>\n\t\t\t\t<\/div>","protected":false},"excerpt":{"rendered":"<p>Vorstand Zusammensetzung und Aufgabenbereiche Der Vorstand f\u00fchrt die Gesellschaft nach den nach ZGB Art 60 ff und den Statuten genannten Kriterien.Der Vorstand wird von der Mitgliederversammlung jeweils auf die Dauer von zwei Jahren gew\u00e4hlt. Er konstituiert sich mit Ausnahme des Pr\u00e4sidenten selbst und bestimmt aus seinen Reihen den Zertifizierungsbeauftragten, der gleichzeitig der Leiter des Sekretariats [&hellip;]<\/p>\n","protected":false},"author":2,"featured_media":0,"parent":0,"menu_order":0,"comment_status":"closed","ping_status":"closed","template":"","meta":{"site-sidebar-layout":"no-sidebar","site-content-layout":"page-builder","ast-site-content-layout":"default","site-content-style":"default","site-sidebar-style":"default","ast-global-header-display":"","ast-banner-title-visibility":"","ast-main-header-display":"","ast-hfb-above-header-display":"","ast-hfb-below-header-display":"","ast-hfb-mobile-header-display":"","site-post-title":"disabled","ast-breadcrumbs-content":"","ast-featured-img":"disabled","footer-sml-layout":"","ast-disable-related-posts":"","theme-transparent-header-meta":"","adv-header-id-meta":"","stick-header-meta":"","header-above-stick-meta":"","header-main-stick-meta":"","header-below-stick-meta":"","astra-migrate-meta-layouts":"default","ast-page-background-enabled":"default","ast-page-background-meta":{"desktop":{"background-color":"","background-image":"","background-repeat":"repeat","background-position":"center center","background-size":"auto","background-attachment":"scroll","background-type":"","background-media":"","overlay-type":"","overlay-color":"","overlay-opacity":"","overlay-gradient":""},"tablet":{"background-color":"","background-image":"","background-repeat":"repeat","background-position":"center center","background-size":"auto","background-attachment":"scroll","background-type":"","background-media":"","overlay-type":"","overlay-color":"","overlay-opacity":"","overlay-gradient":""},"mobile":{"background-color":"","background-image":"","background-repeat":"repeat","background-position":"center center","background-size":"auto","background-attachment":"scroll","background-type":"","background-media":"","overlay-type":"","overlay-color":"","overlay-opacity":"","overlay-gradient":""}},"ast-content-background-meta":{"desktop":{"background-color":"var(--ast-global-color-5)","background-image":"","background-repeat":"repeat","background-position":"center center","background-size":"auto","background-attachment":"scroll","background-type":"","background-media":"","overlay-type":"","overlay-color":"","overlay-opacity":"","overlay-gradient":""},"tablet":{"background-color":"var(--ast-global-color-5)","background-image":"","background-repeat":"repeat","background-position":"center center","background-size":"auto","background-attachment":"scroll","background-type":"","background-media":"","overlay-type":"","overlay-color":"","overlay-opacity":"","overlay-gradient":""},"mobile":{"background-color":"var(--ast-global-color-5)","background-image":"","background-repeat":"repeat","background-position":"center center","background-size":"auto","background-attachment":"scroll","background-type":"","background-media":"","overlay-type":"","overlay-color":"","overlay-opacity":"","overlay-gradient":""}},"footnotes":""},"class_list":["post-1766","page","type-page","status-publish","hentry"],"_links":{"self":[{"href":"https:\/\/sgzp.ch\/en\/wp-json\/wp\/v2\/pages\/1766","targetHints":{"allow":["GET"]}}],"collection":[{"href":"https:\/\/sgzp.ch\/en\/wp-json\/wp\/v2\/pages"}],"about":[{"href":"https:\/\/sgzp.ch\/en\/wp-json\/wp\/v2\/types\/page"}],"author":[{"embeddable":true,"href":"https:\/\/sgzp.ch\/en\/wp-json\/wp\/v2\/users\/2"}],"replies":[{"embeddable":true,"href":"https:\/\/sgzp.ch\/en\/wp-json\/wp\/v2\/comments?post=1766"}],"version-history":[{"count":40,"href":"https:\/\/sgzp.ch\/en\/wp-json\/wp\/v2\/pages\/1766\/revisions"}],"predecessor-version":[{"id":2949,"href":"https:\/\/sgzp.ch\/en\/wp-json\/wp\/v2\/pages\/1766\/revisions\/2949"}],"wp:attachment":[{"href":"https:\/\/sgzp.ch\/en\/wp-json\/wp\/v2\/media?parent=1766"}],"curies":[{"name":"wp","href":"https:\/\/api.w.org\/{rel}","templated":true}]}}